{"id":326,"date":"2017-12-03T22:25:20","date_gmt":"2017-12-03T21:25:20","guid":{"rendered":"https:\/\/natalliasnails.se\/?page_id=326"},"modified":"2025-12-27T19:24:55","modified_gmt":"2025-12-27T18:24:55","slug":"prislista","status":"publish","type":"page","link":"https:\/\/natalliasklinik.se\/index.php\/prislista\/","title":{"rendered":"Prislista"},"content":{"rendered":"<ul>\n<li><strong>NAGLAR och HANDBEHANDLINGAR<\/strong><\/li>\n<\/ul>\n<p style=\"text-align: left;\"><em><span style=\"color: #0000ff;\">Nagelf\u00f6rl\u00e4ngning nytt set,&nbsp; &nbsp; &nbsp; &nbsp; &nbsp; &nbsp; &nbsp; &nbsp; &nbsp; &nbsp; &nbsp; &nbsp; &nbsp; &nbsp; &nbsp; &nbsp; &nbsp; &nbsp; &nbsp; &nbsp; &nbsp;fr 1190<\/span><\/em><em><span style=\"color: #0000ff;\">,00 kr<br \/>\n<\/span><\/em><em><span style=\"color: #0000ff;\">naturligt eller med en f\u00e4rg&nbsp; &nbsp; &nbsp; &nbsp; &nbsp; &nbsp; &nbsp; &nbsp; &nbsp; &nbsp; &nbsp; &nbsp; &nbsp; &nbsp; &nbsp; &nbsp; &nbsp; &nbsp; &nbsp; &nbsp; &nbsp; OBS: design ing\u00e5r inte i priset!&nbsp; &nbsp; &nbsp; &nbsp; &nbsp; &nbsp; &nbsp; &nbsp; &nbsp; &nbsp; &nbsp; &nbsp; &nbsp; &nbsp; &nbsp; &nbsp; &nbsp; &nbsp; &nbsp; &nbsp; &nbsp; &nbsp; &nbsp; &nbsp; &nbsp; &nbsp; &nbsp; &nbsp; &nbsp; &nbsp; &nbsp; &nbsp; &nbsp; &nbsp;&nbsp;<\/span><\/em><\/p>\n<p style=\"text-align: left;\"><em><span style=\"color: #0000ff;\">Nagelf\u00f6rst\u00e4rkning nytt set,&nbsp; &nbsp; &nbsp; &nbsp; &nbsp; &nbsp; &nbsp; &nbsp; &nbsp; &nbsp; &nbsp; &nbsp; &nbsp; &nbsp; &nbsp; &nbsp; &nbsp; &nbsp; &nbsp; &nbsp; fr 895,00 kr<br \/>\nnaturligt eller med en f\u00e4rg&nbsp; &nbsp; &nbsp; &nbsp; &nbsp; &nbsp; &nbsp; &nbsp; &nbsp; &nbsp; &nbsp; &nbsp; &nbsp; &nbsp; &nbsp; &nbsp; &nbsp; &nbsp; &nbsp; &nbsp; &nbsp; &nbsp;OBS: design ing\u00e5r inte i priset!&nbsp;<\/span><\/em><\/p>\n<p style=\"text-align: left;\"><em><span style=\"color: #0000ff;\"><br \/>\n<\/span><\/em><em><span style=\"color: #0000ff;\">\u00c5terbes\u00f6k \/ p\u00e5fyllning,&nbsp; &nbsp; &nbsp; &nbsp; &nbsp; &nbsp; &nbsp; &nbsp; &nbsp; &nbsp; &nbsp; &nbsp; &nbsp; &nbsp; &nbsp; &nbsp; &nbsp; &nbsp; &nbsp; &nbsp; &nbsp; &nbsp; &nbsp; &nbsp; &nbsp; &nbsp;fr 795,00 kr<br \/>\n<\/span><\/em><em><span style=\"color: #0000ff;\">Lagning av fler \u00e4n 4 naglar r\u00e4knas&nbsp; &nbsp; &nbsp; &nbsp; &nbsp; &nbsp; &nbsp; &nbsp; &nbsp; &nbsp; &nbsp; &nbsp; &nbsp; OBS: design ing\u00e5r inte i priset!<br \/>\n<\/span><\/em><em><span style=\"color: #0000ff;\">som ett nytt set!&nbsp; &nbsp; &nbsp; &nbsp; &nbsp; &nbsp; &nbsp; &nbsp; &nbsp; &nbsp; &nbsp; &nbsp; &nbsp; &nbsp; &nbsp; &nbsp; &nbsp; &nbsp; &nbsp; &nbsp; &nbsp; &nbsp; &nbsp; &nbsp; &nbsp; &nbsp; &nbsp; &nbsp; &nbsp; &nbsp; &nbsp; &nbsp;&nbsp;<\/span><\/em><em><span style=\"color: #0000ff;\">&nbsp; &nbsp; &nbsp; &nbsp; &nbsp; &nbsp; &nbsp; &nbsp; &nbsp; &nbsp; &nbsp; &nbsp; &nbsp; &nbsp; &nbsp; &nbsp; &nbsp; &nbsp; &nbsp; &nbsp; <\/span><\/em><span style=\"color: #0000ff;\">&nbsp; &nbsp; &nbsp; &nbsp; &nbsp; &nbsp; &nbsp; &nbsp; &nbsp; &nbsp; &nbsp; &nbsp; &nbsp; &nbsp; &nbsp; &nbsp;&nbsp;<\/span><span style=\"color: #0000ff;\">&nbsp;<em><br \/>\n<\/em><\/span><em style=\"color: #0000ff; font-size: 1rem;\">&nbsp;<\/em><span style=\"color: #0000ff;\"><em>Gellack&nbsp; &nbsp; &nbsp; &nbsp; &nbsp; &nbsp; &nbsp; &nbsp; &nbsp; &nbsp; &nbsp; &nbsp; &nbsp; &nbsp; &nbsp; &nbsp; &nbsp; &nbsp; &nbsp; &nbsp; &nbsp; &nbsp; &nbsp; &nbsp; &nbsp; &nbsp; &nbsp; &nbsp; &nbsp; &nbsp; &nbsp; &nbsp; &nbsp; &nbsp; &nbsp; &nbsp; &nbsp; &nbsp; &nbsp; &nbsp; &nbsp; 600,00<br \/>\nnaturligt eller med en f\u00e4rg&nbsp; &nbsp; &nbsp; &nbsp; &nbsp; &nbsp; &nbsp; &nbsp; &nbsp; &nbsp; &nbsp; &nbsp; &nbsp; &nbsp; &nbsp; &nbsp; &nbsp; &nbsp; &nbsp; &nbsp; &nbsp; &nbsp; OBS: design ing\u00e5r inte i priset<br \/>\n<\/em><\/span><span style=\"color: #0000ff;\"><em>(vid \u00e5terbes\u00f6k borttagning ing\u00e5r)<br \/>\n<\/em><\/span><\/p>\n<p><em><span style=\"color: #0000ff;\">Manikyr, fransk 150 kr till. <\/span><\/em><em><span style=\"color: #0000ff;\">&nbsp; &nbsp; &nbsp; &nbsp; &nbsp; &nbsp; &nbsp; &nbsp; &nbsp; &nbsp; &nbsp; &nbsp; &nbsp; &nbsp; &nbsp; &nbsp; &nbsp; &nbsp; &nbsp; &nbsp; &nbsp; &nbsp; &nbsp; &nbsp;495<\/span><\/em><em><span style=\"color: #0000ff;\">,00 kr<\/span><\/em><\/p>\n<p><em><span style=\"color: #0000ff;\">Manikyr, handmassage och spa.&nbsp; &nbsp; &nbsp; &nbsp; &nbsp; &nbsp; &nbsp; &nbsp; &nbsp; &nbsp; &nbsp; &nbsp; &nbsp; &nbsp; &nbsp; &nbsp; &nbsp;950,00 kr<br \/>\n<\/span><\/em><em><span style=\"color: #0000ff;\"><span style=\"color: #0000ff;\">(Dam), paraffinbad,<br \/>\ngellack&nbsp; 200,00 till<\/span><\/span><\/em><\/p>\n<p><em><span style=\"color: #0000ff;\"><span style=\"color: #0000ff;\">Manikyr, handmassage och spa.&nbsp; &nbsp; &nbsp; &nbsp; &nbsp; &nbsp; &nbsp; &nbsp; &nbsp; &nbsp; &nbsp; &nbsp; &nbsp; &nbsp; &nbsp; &nbsp; &nbsp;850,00 kr<br \/>\n(Man), paraffinbad<\/span><\/span><\/em><\/p>\n<p><em><span style=\"color: #0000ff;\">Lagning av nagel&nbsp; &nbsp; &nbsp; &nbsp; &nbsp; &nbsp; &nbsp; &nbsp; &nbsp; &nbsp; &nbsp; &nbsp; &nbsp; &nbsp; &nbsp; &nbsp; &nbsp; &nbsp; &nbsp; &nbsp; &nbsp; &nbsp; &nbsp; &nbsp; &nbsp; &nbsp; &nbsp; &nbsp; &nbsp; &nbsp; &nbsp; &nbsp;95,00 &#8211; 170,00 kr<\/span><\/em><\/p>\n<p><em><span style=\"color: #0000ff;\">Borttagning av material&nbsp; &nbsp; &nbsp; &nbsp; &nbsp; &nbsp; &nbsp; &nbsp; &nbsp; &nbsp; &nbsp; &nbsp; &nbsp; &nbsp; &nbsp; &nbsp; &nbsp; &nbsp; &nbsp; &nbsp; &nbsp; &nbsp; &nbsp; &nbsp; &nbsp; 555,00 kr<br \/>\nmed f\u00e4rg och olja, ej gellack<\/span><\/em><\/p>\n<p><span style=\"color: #0000ff;\"><em>Borttagning av material&nbsp; &nbsp; &nbsp; &nbsp; &nbsp; &nbsp; &nbsp; &nbsp; &nbsp; &nbsp; &nbsp; &nbsp; &nbsp; &nbsp; &nbsp; &nbsp; &nbsp; &nbsp; &nbsp; &nbsp; &nbsp; &nbsp; &nbsp; &nbsp; &nbsp; &nbsp;455,00 kr<br \/>\nmed \u00f6verlack och olja<\/em><\/span><\/p>\n<p><span style=\"color: #0000ff;\"><em>Svarowski stenar&nbsp; &nbsp; &nbsp; &nbsp; &nbsp; &nbsp; &nbsp; &nbsp; &nbsp; &nbsp; &nbsp; &nbsp; &nbsp; &nbsp; &nbsp; &nbsp; &nbsp; &nbsp; &nbsp; &nbsp; &nbsp; &nbsp; &nbsp; &nbsp; &nbsp; &nbsp; &nbsp; &nbsp; &nbsp; &nbsp; &nbsp; 10,00 kr\/st, nagel 150,00 kr<\/em><\/span><span style=\"color: #0000ff;\"><em>&nbsp; &nbsp; &nbsp; &nbsp; &nbsp; &nbsp; &nbsp; &nbsp; &nbsp; &nbsp; &nbsp; &nbsp; &nbsp; &nbsp; &nbsp; &nbsp; &nbsp; &nbsp; &nbsp; &nbsp; &nbsp; &nbsp; &nbsp; &nbsp; &nbsp; &nbsp; &nbsp; &nbsp; &nbsp; &nbsp; &nbsp; &nbsp; &nbsp; &nbsp; &nbsp; &nbsp; &nbsp;&nbsp;<\/em><\/span><\/p>\n<p><span style=\"color: #0000ff;\"><em>Ombr\u00e9, Fransk&nbsp; &nbsp; &nbsp; &nbsp; &nbsp; &nbsp; &nbsp; &nbsp; &nbsp; &nbsp; &nbsp; &nbsp; &nbsp; &nbsp; &nbsp; &nbsp; &nbsp; &nbsp; &nbsp; &nbsp; &nbsp; &nbsp; &nbsp; &nbsp; &nbsp; &nbsp; &nbsp; &nbsp; &nbsp; &nbsp; &nbsp; &nbsp; &nbsp; &nbsp; 150,00 kr&nbsp; <\/em><\/span><\/p>\n<p><span style=\"color: #0000ff;\"><em>Marmor, chrome, design&nbsp; &nbsp; &nbsp; &nbsp; &nbsp; &nbsp; &nbsp; &nbsp; &nbsp; &nbsp; &nbsp; &nbsp; &nbsp; &nbsp; &nbsp; &nbsp; &nbsp; &nbsp; &nbsp; &nbsp; &nbsp; &nbsp; &nbsp; 15,00 kr \/nagel <\/em><\/span><\/p>\n<p><span style=\"color: #0000ff;\"><em>Paraffinbad med handmassage&nbsp; &nbsp; &nbsp; &nbsp; &nbsp; &nbsp; &nbsp; &nbsp; &nbsp; &nbsp; &nbsp; &nbsp; &nbsp; &nbsp; &nbsp; 355,00 kr <\/em><\/span><\/p>\n<p><span style=\"color: #0000ff;\"><em>Nagelbitare&nbsp; &nbsp; &nbsp; &nbsp; &nbsp; &nbsp; &nbsp; &nbsp; &nbsp; &nbsp; &nbsp; &nbsp; &nbsp; &nbsp; &nbsp; &nbsp; &nbsp; &nbsp; &nbsp; &nbsp; &nbsp; &nbsp; &nbsp; &nbsp; &nbsp; &nbsp; &nbsp; &nbsp; &nbsp; &nbsp; &nbsp; &nbsp; &nbsp; &nbsp; &nbsp; &nbsp; 555,00 kr<br \/>\n\u00e5terbes\u00f6k 10 dagar&nbsp; &nbsp; &nbsp; &nbsp; &nbsp; &nbsp; &nbsp; &nbsp; &nbsp; &nbsp; &nbsp; &nbsp; &nbsp; &nbsp; &nbsp; &nbsp; &nbsp; &nbsp; &nbsp; &nbsp; &nbsp; &nbsp; &nbsp; &nbsp; &nbsp; &nbsp; &nbsp; &nbsp;&nbsp;<\/em><\/span><\/p>\n<p><strong><span style=\"color: #000000;\">ANSIKTSBEHANDLING\/ ANSIKTSMASSAGE\/ MICRO NEEDLING<\/span><\/strong><\/p>\n<p><span style=\"color: #0000ff;\">Ansiktsbehandling med massage 50min&nbsp; &nbsp; &nbsp; &nbsp; &nbsp; &nbsp; &nbsp; 895,00 kr<br \/>\n(reng\u00f6ring, peeling, dekolletage-och ansiktsmassage, ansiktsmask, \u00f6goncreme, serum och dagcreme)<\/span><\/p>\n<p><span style=\"color: #0000ff;\">Ansiktsbehandling&nbsp; 30min&nbsp; &nbsp; &nbsp; &nbsp; &nbsp; &nbsp; &nbsp; &nbsp; &nbsp; &nbsp; &nbsp; &nbsp; &nbsp; &nbsp; &nbsp; &nbsp; &nbsp; &nbsp; &nbsp; &nbsp; &nbsp; &nbsp; &nbsp;595,00kr<br \/>\n(reng\u00f6ring, peeling, ansiktsmask,<br \/>\n\u00f6goncreme, serum och dagcreme)<\/span><\/p>\n<p>&nbsp;<\/p>\n<p><span style=\"color: #3366ff;\">&nbsp; &nbsp; &nbsp; &nbsp; &nbsp; &nbsp; &nbsp; &nbsp;<strong><span style=\"color: #000000;\">MICRO NEEDLING<\/span><\/strong><\/span><span style=\"color: #3366ff;\">&nbsp; &nbsp; &nbsp; &nbsp; &nbsp; &nbsp; &nbsp; &nbsp; &nbsp; &nbsp; &nbsp; &nbsp; &nbsp; &nbsp; &nbsp; &nbsp; &nbsp; &nbsp; &nbsp;<span style=\"color: #000000;\">PRISET<\/span>&nbsp; fr 2050,00 kr<br \/>\nMicro Needling \u00e4r en djupg\u00e5ende och avancerad n\u00e5lbehandling f\u00f6r exceptionella resultat vid hudf\u00f6rb\u00e4ttring. Behandlingen inneb\u00e4r mikroskopiska n\u00e5lstick som skapas genom sterila och anpassade n\u00e5lar. Dessa mikroskopiska n\u00e5lstick ger en l\u00e4tt och kontrollerad skada. Denna kontrollerade skada resulterar i att huden b\u00f6rjar producera mer av sina naturliga byggstenar, Elastin och Kollagen. Elastin och Kollagen \u00e4r avg\u00f6rande f\u00f6r att bibeh\u00e5lla hudens sp\u00e4nst och struktur. Under behandlingen sker samtidigt en nedslussning av aktiva produkter i huden, dessa produkter har alla hyaluronsyra som bas. Hyaluronsyran binder fukten i huden och \u00f6kar hudens volym med minskning av linjer som f\u00f6ljd.<br \/>\n<\/span><\/p>\n<p>&nbsp;<\/p>\n<p><strong><span style=\"color: #003300;\"><span style=\"color: #000000;\">\u00d6GONFRANSF\u00d6RL\u00c4NGNING<\/span>&nbsp;&nbsp;<\/span><\/strong><\/p>\n<p><strong>Volym, blandat Singel och&nbsp;Volym<\/strong><\/p>\n<p><span style=\"color: #3366ff;\">Fransf\u00f6rl\u00e4ngning nytt set&nbsp; &nbsp; &nbsp; &nbsp; &nbsp; &nbsp; &nbsp; &nbsp; &nbsp; &nbsp; &nbsp; &nbsp; &nbsp; &nbsp; &nbsp; &nbsp; &nbsp; &nbsp; &nbsp; &nbsp; &nbsp; &nbsp; &nbsp;<strong>FR\u00c5N<\/strong> 1495,00 kr<br \/>\nP\u00e5fyllning ca 60min&nbsp; &nbsp; &nbsp; &nbsp; &nbsp; &nbsp; &nbsp; &nbsp; &nbsp; &nbsp; &nbsp; &nbsp; &nbsp; &nbsp; &nbsp; &nbsp; &nbsp; &nbsp; &nbsp; &nbsp; &nbsp; &nbsp; &nbsp; &nbsp; &nbsp; &nbsp; &nbsp;<\/span><span style=\"color: #3366ff;\">&nbsp;<\/span><span style=\"color: #3366ff;\">795,00 kr<br \/>\nP\u00e5fyllning&nbsp; ca 90min&nbsp; &nbsp; &nbsp; &nbsp; &nbsp; &nbsp; &nbsp; &nbsp; &nbsp; &nbsp; &nbsp; &nbsp; &nbsp; &nbsp; &nbsp; &nbsp; &nbsp; &nbsp; &nbsp; &nbsp; &nbsp; &nbsp; &nbsp; &nbsp; &nbsp; &nbsp; &nbsp;895,00 kr&nbsp; &nbsp; &nbsp; &nbsp; &nbsp; &nbsp; &nbsp; &nbsp; &nbsp; &nbsp; &nbsp; &nbsp; &nbsp; <\/span><\/p>\n<p><span style=\"color: #3366ff;\">&nbsp;P\u00e5fyllning p\u00e5 icke min kund&nbsp; &nbsp; &nbsp; &nbsp; &nbsp; &nbsp; &nbsp; &nbsp; &nbsp; &nbsp; &nbsp; &nbsp; &nbsp; &nbsp; &nbsp; &nbsp; &nbsp; &nbsp; &nbsp; &nbsp; 1295,00 kr<\/span><\/p>\n<p><span style=\"color: #3366ff;\">G\u00c4LLER 4 -5 VECKOR!!!&nbsp;&nbsp;Om det fattas mer \u00e4n 80% av fransarna blir det ett nytt set<br \/>\n<\/span><\/p>\n<p><span style=\"color: #3366ff;\">Borttagning av fransar&nbsp; &nbsp; &nbsp; &nbsp; &nbsp; &nbsp; &nbsp; &nbsp; &nbsp; &nbsp; &nbsp; &nbsp; &nbsp; &nbsp; &nbsp; &nbsp; &nbsp; &nbsp; &nbsp; &nbsp; &nbsp; &nbsp; &nbsp; &nbsp; &nbsp; 355,00 kr<\/span><\/p>\n<h2>&nbsp;<\/h2>\n<h2><span style=\"color: #000000;\"><strong>Plasma \u00d6gonlockslyft<\/strong><\/span><\/h2>\n<p><em><strong>&nbsp;F\u00f6r tv\u00e5 Plasma behandlingar \u00f6vre&nbsp; ELLER undre \u00f6gonlock &#8211; 4900,00 kr<\/strong><\/em><\/p>\n<p><strong>\u00d6gonlock med Kr\u00e5ksparkar , paketpris,&nbsp; 2900kr<\/strong><\/p>\n<p><span style=\"color: #0000ff;\">\u00d6vre \u00d6gonlock<\/span>&nbsp; &nbsp; &nbsp; &nbsp; &nbsp; &nbsp; &nbsp; &nbsp; &nbsp; &nbsp; &nbsp; &nbsp; &nbsp; &nbsp; &nbsp; &nbsp; &nbsp; &nbsp; &nbsp; &nbsp; &nbsp; &nbsp; &nbsp; &nbsp; &nbsp; &nbsp; &nbsp; &nbsp; &nbsp; &nbsp; &nbsp; &nbsp; &nbsp; &nbsp; &nbsp; &nbsp; &nbsp; &nbsp; 2900,00 kr<span style=\"color: #0000ff;\"><br \/>\n<\/span><\/p>\n<p><span style=\"color: #0000ff;\">Undre \u00d6gonlock<\/span>&nbsp; &nbsp; &nbsp; &nbsp; &nbsp; &nbsp; &nbsp; &nbsp; &nbsp; &nbsp; &nbsp; &nbsp; &nbsp; &nbsp; &nbsp; &nbsp; &nbsp; &nbsp; &nbsp; &nbsp; &nbsp; &nbsp; &nbsp; &nbsp; &nbsp; &nbsp; &nbsp; &nbsp; &nbsp; &nbsp; &nbsp; &nbsp; &nbsp; &nbsp; &nbsp; &nbsp; &nbsp; 2500,00 kr<span style=\"color: #0000ff;\">&nbsp; &nbsp; &nbsp; &nbsp; &nbsp; &nbsp; &nbsp; &nbsp; &nbsp; &nbsp; &nbsp; &nbsp; &nbsp; &nbsp; &nbsp; &nbsp; &nbsp; &nbsp; &nbsp; &nbsp; &nbsp;<\/span><\/p>\n<p><span style=\"color: #0000ff;\">Kr\u00e5ksparkar<\/span>&nbsp; &nbsp; &nbsp; &nbsp; &nbsp; &nbsp; &nbsp; &nbsp; &nbsp; &nbsp; &nbsp; &nbsp; &nbsp; &nbsp; &nbsp; &nbsp; &nbsp; &nbsp; &nbsp; &nbsp; &nbsp; &nbsp; &nbsp; &nbsp; &nbsp; &nbsp; &nbsp; &nbsp; &nbsp; &nbsp; &nbsp; &nbsp; &nbsp; &nbsp; &nbsp; &nbsp; &nbsp; &nbsp; &nbsp; &nbsp;1400,00 kr<span style=\"color: #0000ff;\">&nbsp; &nbsp; &nbsp; &nbsp; &nbsp; &nbsp; &nbsp;<\/span><\/p>\n<p><span style=\"color: #0000ff;\">Linjerna runt mun&nbsp; &nbsp; &nbsp; &nbsp; &nbsp; &nbsp; &nbsp; &nbsp; &nbsp; &nbsp; &nbsp; &nbsp; &nbsp; &nbsp; &nbsp; &nbsp; &nbsp; &nbsp; &nbsp; &nbsp; &nbsp; &nbsp; &nbsp; &nbsp; &nbsp; &nbsp; &nbsp; &nbsp; &nbsp; &nbsp;fr&nbsp; 2500,00 kr<\/span><span style=\"color: #0000ff; font-size: revert; font-weight: revert;\">&nbsp; &nbsp; &nbsp; &nbsp; &nbsp; &nbsp; &nbsp; &nbsp; &nbsp; &nbsp; &nbsp; &nbsp; &nbsp; &nbsp;&nbsp;<\/span><\/p>\n<p><span style=\"color: #0000ff;\">Hals&nbsp; &nbsp; &nbsp; &nbsp; &nbsp; &nbsp; &nbsp; &nbsp; &nbsp; &nbsp; &nbsp; &nbsp; &nbsp; &nbsp; &nbsp; &nbsp; &nbsp; &nbsp; &nbsp; &nbsp; &nbsp; &nbsp; &nbsp; &nbsp; &nbsp; &nbsp; &nbsp; &nbsp; &nbsp; &nbsp; &nbsp; &nbsp; &nbsp; &nbsp; &nbsp; &nbsp; &nbsp; &nbsp; &nbsp; &nbsp; &nbsp; &nbsp; fr&nbsp; 3900,00 kr&nbsp; &nbsp; &nbsp; &nbsp; &nbsp; &nbsp; &nbsp; &nbsp; &nbsp; &nbsp; &nbsp; &nbsp; &nbsp; &nbsp; &nbsp; &nbsp; &nbsp; <\/span><\/p>\n<p><span style=\"color: #0000ff;\">Nasolabialveck, mellan n\u00e4san och munnen&nbsp; &nbsp; &nbsp; &nbsp; &nbsp; &nbsp; &nbsp;fr 1500,00 kr&nbsp; &nbsp; &nbsp; &nbsp; &nbsp; &nbsp; &nbsp; &nbsp; &nbsp; &nbsp; &nbsp; &nbsp;&nbsp;<\/span><\/p>\n<p><span style=\"color: #0000ff;\">&nbsp;Sj\u00e4lvklart har jag ett Paketpris om du beh\u00f6ver flera behandlingar!&nbsp; &nbsp; &nbsp; &nbsp; &nbsp; &nbsp; &nbsp; &nbsp; &nbsp; &nbsp; &nbsp; &nbsp; &nbsp; &nbsp; &nbsp; &nbsp; &nbsp; &nbsp; &nbsp; &nbsp; &nbsp; &nbsp; &nbsp; &nbsp; &nbsp; &nbsp; &nbsp; &nbsp; &nbsp; &nbsp; &nbsp; &nbsp; &nbsp; &nbsp; &nbsp; &nbsp; &nbsp; &nbsp; &nbsp; &nbsp; &nbsp; &nbsp;<strong><br \/>\nPaketerbjudande! Vid 2 omr\u00e5den vid samma tillf\u00e4lle upp till 35% rabatt<br \/>\n<span style=\"color: #3366ff;\">Paketerbjudande!<\/span> Vid 3 omr\u00e5den vid samma tillf\u00e4lle upp till 45% rabatt<\/strong><\/span><\/p>\n<p>&nbsp;<\/p>\n<p style=\"padding-left: 40px;\"><span style=\"color: #000000;\"><em><strong>F\u00e4rg\/plock bryn<span style=\"color: #993300;\">.<\/span> F\u00e4rg fransar.<\/strong><\/em><\/span><span style=\"color: #3366ff;\">&nbsp; &nbsp; &nbsp; &nbsp; &nbsp;&nbsp;<\/span><\/p>\n<p><span style=\"color: #3366ff;\"><em>Brynf\u00e4rg inkl. plock\/form&nbsp; &nbsp; &nbsp; &nbsp; &nbsp; &nbsp; &nbsp; &nbsp; &nbsp; &nbsp; &nbsp; &nbsp; &nbsp; &nbsp; &nbsp; &nbsp; &nbsp; &nbsp; &nbsp; &nbsp; &nbsp; &nbsp; &nbsp; &nbsp; fr 415,00 kr<\/em>&nbsp; &nbsp; &nbsp; &nbsp; &nbsp; &nbsp; &nbsp; &nbsp; &nbsp; &nbsp;<\/span><\/p>\n<p><span style=\"color: #3366ff;\"><em>Frans- och brynf\u00e4rg inkl. plock\/form&nbsp; &nbsp; &nbsp; &nbsp; &nbsp; &nbsp; &nbsp; &nbsp; &nbsp; &nbsp; &nbsp; &nbsp; &nbsp; &nbsp; &nbsp;fr 600,00 kr&nbsp; <\/em><\/span><span style=\"color: #3366ff;\">&nbsp; &nbsp; &nbsp; &nbsp; &nbsp; &nbsp; <\/span><\/p>\n<h2><span style=\"color: #3366ff;\"><span style=\"color: #000000;\">Pedikyr<\/span>&nbsp; &nbsp;<\/span><\/h2>\n<h4><span style=\"color: #0000ff;\">Fotv\u00e5rd \u00e4r ett b\u00e5de avkopplande och ett lyxigt s\u00e4tt att ta hand om dina f\u00f6tter. Huvudmomenten i behandlingen \u00e4r fotv\u00e5rdande pedikyr med peeling, fotbad, nagelv\u00e5rd, borttagning av f\u00f6rh\u00e5rdnader, fotmassage samt lackning (frivilligt).&nbsp; &nbsp; &nbsp; &nbsp;<\/span><\/h4>\n<h4><span style=\"color: #0000ff;\">Priset ligger FR\u00c5N 695,00 kr<\/span><\/h4>\n<h4><span style=\"color: #0000ff;\">Kontakta mig f\u00f6r mer info f\u00f6re bokning<\/span><\/h4>\n<h4>&nbsp;<\/h4>\n<h2><strong>Massage<\/strong><\/h2>\n<p><strong><span style=\"color: #0000ff;\">Varmt v\u00e4lkommen till Natallias Klinik och friskv\u00e5rd.&nbsp;<\/span><\/strong><\/p>\n<p><strong><span style=\"color: #0000ff;\">H\u00f6r av dig s\u00e5 f\u00f6rs\u00f6ker vi att hitta p\u00e5 en tid som passar dig.&nbsp; &nbsp;<\/span><\/strong><\/p>\n<p><strong><span style=\"color: #0000ff;\">Finns mer information om behandlingar p\u00e5 www.epassi.se<\/span><\/strong><\/p>\n<h4><span style=\"color: #3366ff;\">&nbsp; &nbsp; &nbsp; &nbsp; &nbsp; &nbsp; &nbsp; &nbsp; &nbsp; &nbsp; &nbsp; &nbsp; &nbsp; &nbsp; &nbsp; &nbsp; &nbsp; &nbsp; &nbsp; &nbsp; &nbsp; &nbsp; &nbsp; &nbsp; &nbsp; &nbsp; &nbsp; &nbsp; &nbsp; &nbsp;&nbsp;<\/span><\/h4>\n<h5>&nbsp;<\/h5>\n<ul>\n<li><strong>Ej avbokad tid debiteras, \u00e5terbud senare \u00e4n 24 timmar f\u00f6re \u00f6verenskommen behandlingstid debiteras avgiften.<\/strong><\/li>\n<\/ul>\n<p>Varf\u00f6r debiteras du?<\/p>\n<p>N\u00e4r du best\u00e4ller tid f\u00f6r en behandling s\u00e5 ing\u00e5r vi ett&nbsp;avtal. Du f\u00f6rbinder dig att komma till mig p\u00e5 \u00f6verenskommen tid och k\u00f6pa best\u00e4lld behandling. Jag f\u00f6rbinder mig att reservera denna tid f\u00f6r dig och inte s\u00e4lja den till n\u00e5gon annan.<\/p>\n<p>S\u00e5 l\u00e4nge du inte avbest\u00e4ller tiden, kan jag inte s\u00e4lja den till n\u00e5gon annan.<\/p>\n<p>D\u00e4rf\u00f6r blir du betalningsskyldig f\u00f6r den uteblivna eller sena avbokningen.<\/p>\n<p>Som egen f\u00f6retagare \u00e4r min l\u00f6n en del av oms\u00e4ttning, dvs pengar som kommer in i f\u00f6retaget n\u00e4r jag s\u00e4ljer en behandling eller en vara.<\/p>\n<ul>\n<li><strong>&nbsp;Skicka ett&nbsp;<u>SMS<\/u>&nbsp;om jag inte svarar i telefon 070-362 99 75<\/strong><\/li>\n<\/ul>\n<p><em><span style=\"color: #0000ff;\"> &nbsp; &nbsp; &nbsp; &nbsp; &nbsp; &nbsp; &nbsp; &nbsp; &nbsp; &nbsp; &nbsp; &nbsp; &nbsp; &nbsp; &nbsp; &nbsp; &nbsp; &nbsp; &nbsp;&nbsp;<\/span><\/em><\/p>\n<p><em><span style=\"color: #0000ff;\">&nbsp; &nbsp; &nbsp; &nbsp; &nbsp; &nbsp; &nbsp; &nbsp; &nbsp; &nbsp; &nbsp; &nbsp; &nbsp;<\/span><\/em><\/p>\n","protected":false},"excerpt":{"rendered":"<p>NAGLAR och HANDBEHANDLINGAR Nagelf\u00f6rl\u00e4ngning nytt set,&nbsp; &nbsp; &nbsp; &nbsp; &nbsp; &nbsp; &nbsp; &nbsp; &nbsp; &nbsp; &nbsp; &nbsp; &nbsp; &nbsp; &nbsp; &nbsp; &nbsp; &nbsp; &nbsp; &nbsp; &nbsp;fr 1190,00 kr naturligt eller med en f\u00e4rg&nbsp; &nbsp; &nbsp; &nbsp; &nbsp; &nbsp; &nbsp; &nbsp; &nbsp; &nbsp; &nbsp; &nbsp; &nbsp; &nbsp; &nbsp; &nbsp; &nbsp; &nbsp; &nbsp; &nbsp; &nbsp; OBS: design &hellip; <\/p>\n<p class=\"link-more\"><a href=\"https:\/\/natalliasklinik.se\/index.php\/prislista\/\" class=\"more-link\">Forts\u00e4tt l\u00e4sa<span class=\"screen-reader-text\"> &#8221;Prislista&#8221;<\/span><\/a><\/p>\n","protected":false},"author":2,"featured_media":0,"parent":0,"menu_order":0,"comment_status":"closed","ping_status":"closed","template":"","meta":{"ngg_post_thumbnail":0,"footnotes":""},"class_list":["post-326","page","type-page","status-publish","hentry"],"_links":{"self":[{"href":"https:\/\/natalliasklinik.se\/index.php\/wp-json\/wp\/v2\/pages\/326","targetHints":{"allow":["GET"]}}],"collection":[{"href":"https:\/\/natalliasklinik.se\/index.php\/wp-json\/wp\/v2\/pages"}],"about":[{"href":"https:\/\/natalliasklinik.se\/index.php\/wp-json\/wp\/v2\/types\/page"}],"author":[{"embeddable":true,"href":"https:\/\/natalliasklinik.se\/index.php\/wp-json\/wp\/v2\/users\/2"}],"replies":[{"embeddable":true,"href":"https:\/\/natalliasklinik.se\/index.php\/wp-json\/wp\/v2\/comments?post=326"}],"version-history":[{"count":76,"href":"https:\/\/natalliasklinik.se\/index.php\/wp-json\/wp\/v2\/pages\/326\/revisions"}],"predecessor-version":[{"id":19716,"href":"https:\/\/natalliasklinik.se\/index.php\/wp-json\/wp\/v2\/pages\/326\/revisions\/19716"}],"wp:attachment":[{"href":"https:\/\/natalliasklinik.se\/index.php\/wp-json\/wp\/v2\/media?parent=326"}],"curies":[{"name":"wp","href":"https:\/\/api.w.org\/{rel}","templated":true}]}}