{"id":428,"date":"2018-05-13T23:08:43","date_gmt":"2018-05-13T21:08:43","guid":{"rendered":"https:\/\/natalliasnails.se\/?page_id=428"},"modified":"2024-09-15T04:18:23","modified_gmt":"2024-09-15T02:18:23","slug":"infor-bokning-bokningspolicy","status":"publish","type":"page","link":"https:\/\/natalliasklinik.se\/index.php\/infor-bokning-bokningspolicy\/","title":{"rendered":"Inf\u00f6r bokning-Bokningspolicy"},"content":{"rendered":"<h2 class=\"font_2\"><span class=\"color_15\"><img loading=\"lazy\" decoding=\"async\" class=\"alignnone size-medium wp-image-418\" src=\"https:\/\/natalliasnails.se\/wp-content\/uploads\/2018\/05\/40075798514_b3d65505b6_b-300x300.jpg\" alt=\"\" width=\"300\" height=\"300\" srcset=\"https:\/\/natalliasklinik.se\/wp-content\/uploads\/2018\/05\/40075798514_b3d65505b6_b-300x300.jpg 300w, https:\/\/natalliasklinik.se\/wp-content\/uploads\/2018\/05\/40075798514_b3d65505b6_b-150x150.jpg 150w, https:\/\/natalliasklinik.se\/wp-content\/uploads\/2018\/05\/40075798514_b3d65505b6_b-768x768.jpg 768w, https:\/\/natalliasklinik.se\/wp-content\/uploads\/2018\/05\/40075798514_b3d65505b6_b-100x100.jpg 100w, https:\/\/natalliasklinik.se\/wp-content\/uploads\/2018\/05\/40075798514_b3d65505b6_b.jpg 800w\" sizes=\"auto, (max-width: 300px) 100vw, 300px\" \/><\/span><\/h2>\n<h2 class=\"font_2\"><span class=\"color_15\">Eventuella avbokningar\/ombokningar ska ske&nbsp;<\/span><span class=\"color_15\">24 timmar(vardag) och 48 timmar(om du har bokat tid m\u00e5ndag)<\/span><span class=\"color_15\">&nbsp;innan v\u00e4ntat bes\u00f6k,<\/span>&nbsp; <span class=\"color_15\">annars debiteras bokningen i form av fakturering till din mail, med hela behandlingsbeloppet oavsett anledning.<\/span><\/h2>\n<p>N\u00e4r du best\u00e4ller tid f\u00f6r en behandling s\u00e5 ing\u00e5r vi ett&nbsp;avtal. Du f\u00f6rbinder dig att komma till mig p\u00e5 \u00f6verenskommen tid och k\u00f6pa best\u00e4lld behandling. Jag f\u00f6rbinder mig att reservera denna tid f\u00f6r dig och inte s\u00e4lja den till n\u00e5gon annan.<\/p>\n<p>S\u00e5 l\u00e4nge du inte avbest\u00e4ller tiden, kan jag inte s\u00e4lja den till n\u00e5gon annan.<\/p>\n<p>D\u00e4rf\u00f6r blir du betalningsskyldig f\u00f6r den uteblivna eller sena avbokningen.<\/p>\n<p>Som egen f\u00f6retagare \u00e4r min l\u00f6n en del av oms\u00e4ttning, dvs pengar som kommer in i f\u00f6retaget n\u00e4r jag s\u00e4ljer en behandling eller en vara.Om du \u00e4r p\u00e5 marknaden f\u00f6r kl\u00e4der \u00e4r v\u00e5r plattform ditt b\u00e4sta val! Det st\u00f6rsta k\u00f6pcentret!<\/p>\n<p><span class=\"color_23\">&nbsp;<strong>Inf\u00f6r bokning av:&nbsp;<\/strong><\/span><strong><span class=\"color_23\">Nagelbehandlingar<\/span><\/strong><\/p>\n<ul>\n<li>Viktigt:&nbsp;Har du redan material p\u00e5 dig n\u00e4r du kommer av annat m\u00e4rke \u00e4n LCN gel&nbsp;s\u00e5 kommer detta beh\u00f6va slipas&nbsp;bort, sedan m\u00e4rken \u00e4r uppbyggda olika och jag kan inte garantera kvalit\u00e9n annars.&nbsp;Ber\u00e4kna d\u00e5 att detta kan ta upp till en timma l\u00e4ngre \u00e4n ett vanligt bes\u00f6k och meddela mig vid bokningstillf\u00e4llet. Bokar du \u00e5terbes\u00f6k i samband med bes\u00f6ket&nbsp;tillkommer ingen extra kostnad f\u00f6r borttagningen.&nbsp;<\/li>\n<li>G\u00f6r&nbsp;endast&nbsp;lagningar p\u00e5 befintliga kunder.<\/li>\n<li><span class=\"color_15\">Rekommendationen f\u00f6r ett&nbsp;\u00e5terbes\u00f6k p\u00e5 naglar \u00e4r 3-4 veckor&nbsp;beroende p\u00e5 hur snabbv\u00e4xande&nbsp;<\/span><span class=\"color_15\">naglar du har.<\/span><\/li>\n<\/ul>\n<p>Du m\u00e5ste vara mins 18 \u00e5r&nbsp;f\u00f6r att boka \u200bnagelf\u00f6rl\u00e4ngning\/f\u00f6rst\u00e4rkning&nbsp;och \u00e4r du omyndig beh\u00f6ver&nbsp;jag m\u00e5lsmans godk\u00e4nnande av behandlingen. I person eller via mail b\u00f6r detta bekr\u00e4ftas med fullst\u00e4ndiga uppgifter p\u00e5 m\u00e5lsman som blir bokningsansvarig.&nbsp;<\/p>\n<p><span class=\"color_23\"><b>Inf\u00f6r bokning av: Fransf\u00f6rl\u00e4ngning<\/b><\/span><\/p>\n<ul>\n<li>Inf\u00f6r fransf\u00f6rl\u00e4ngningen b\u00f6r man komma utan&nbsp;mascara och inte ha anv\u00e4nt produkter med olja i runt \u00f6gonen<em>.<\/em><\/li>\n<li>Alla som ska genomg\u00e5 en behandling m\u00e5ste fylla i en h\u00e4lsodeklaration som sedan journalf\u00f6rs. F\u00f6re och efterbilder tas som \u00e4ven de f\u00f6rs in i journal.<\/li>\n<li>En behandling med enkelstr\u00e5n kan ta upp till tv\u00e5 timmar vid f\u00f6rsta bes\u00f6ket och h\u00e5ller lika l\u00e4nge som din naturliga \u00f6gonfranscykel, det vill s\u00e4ga cirka 30\u201345 dagar. I slutet av cykeln ramlar de av.<\/li>\n<li>V\u00e4nta inte f\u00f6r l\u00e4nge, d\u00e5 m\u00e5ste du kanske g\u00f6ra om hela behandlingen, vilket blir dyrare.<\/li>\n<\/ul>\n<p><span class=\"color_23\"><b>Inf\u00f6r bokning av: Kosmetisk tatuering<\/b><\/span><\/p>\n<ul>\n<li>Ett krav f\u00f6r behandling \u00e4r att vi f\u00f6rst genomf\u00f6r en ansiktskonsultation med individuell behandlingsplan. Vi g\u00e5r igenom de faktiska problemomr\u00e5den och det du upplever som besv\u00e4rande.<\/li>\n<li><span style=\"font-size: 1rem;\">Alla som ska genomg\u00e5 en behandling m\u00e5ste fylla i en h\u00e4lsodeklaration som sedan journalf\u00f6rs. F\u00f6re och efterbilder tas som \u00e4ven de f\u00f6rs in i journal.<\/span><\/li>\n<li>Meddela eventuella sjukdomar INNAN ditt bes\u00f6k s\u00e5 att jag har m\u00f6jlighet att ta st\u00e4llning om behandling kan genomf\u00f6ras eller inte.<\/li>\n<li>F\u00f6r att f\u00e5 en behandling m\u00e5ste du ha fyllt 18 \u00e5r.<\/li>\n<li>Det \u00e4r upp till dig om du vill genomf\u00f6ra ett allergitest.<\/li>\n<li>Du b\u00f6r inte dricka kaffe eller svart te,&nbsp;Omega-3 (ca 2-3 dagar innan), Trio,&nbsp;Redbull. Ipren. Inte \u00e4tit vitl\u00f6k,&nbsp;inte tagit johannes\u00f6rt de senaste dagarna.<\/li>\n<li>Du b\u00f6r EJ ha en p\u00e5g\u00e5ende infektion\/f\u00f6rkylning i kroppen.<\/li>\n<li>&nbsp;<\/li>\n<li>Har du&nbsp;muns\u00e5r\/Herpes<strong>&nbsp;<\/strong>m\u00e5ste de l\u00e4ka ut innan behandling av l\u00e4ppar kan genomf\u00f6ras.<\/li>\n<li>2 dygn innan&nbsp;ingrepp ska Du helst avst\u00e5&nbsp;alkohol&nbsp;och&nbsp;sm\u00e4rtstillande medicin&nbsp;d\u00e5 detta \u00f6kar risken att bl\u00f6da under behandling vilket medf\u00f6r att f\u00e4rgen f\u00e4ster s\u00e4mre.<\/li>\n<li>\u00c4ter du blodf\u00f6rtunnande mediciner M\u00c5STE du r\u00e5dfr\u00e5ga din l\u00e4kare innan.<\/li>\n<li>\u00c4r du diabetiker f\u00e5r du EJ tatuera dig.<\/li>\n<li>Har du n\u00e5gon form av blodsmitta f\u00e5r du EJ tatuera dig.<\/li>\n<li>Om du brukar sminka dina \u00f6gonbryn \u00e4r det bra om du kommer sminkad till konsultationen eller till din f\u00f6rsta behandling.<\/li>\n<li>Din behandling kan ta upp till tv\u00e5 timmar\/g\u00e5ng.<\/li>\n<li>Ett \u00e5terbes\u00f6k (kostnadsfritt) bokas in efter behandlingen(mellan 4-10 veckor)<\/li>\n<\/ul>\n","protected":false},"excerpt":{"rendered":"<p>Eventuella avbokningar\/ombokningar ska ske&nbsp;24 timmar(vardag) och 48 timmar(om du har bokat tid m\u00e5ndag)&nbsp;innan v\u00e4ntat bes\u00f6k,&nbsp; annars debiteras bokningen i form av fakturering till din mail, med hela behandlingsbeloppet oavsett anledning. N\u00e4r du best\u00e4ller tid f\u00f6r en behandling s\u00e5 ing\u00e5r vi ett&nbsp;avtal. Du f\u00f6rbinder dig att komma till mig p\u00e5 \u00f6verenskommen tid och k\u00f6pa best\u00e4lld behandling. &hellip; <\/p>\n<p class=\"link-more\"><a href=\"https:\/\/natalliasklinik.se\/index.php\/infor-bokning-bokningspolicy\/\" class=\"more-link\">Forts\u00e4tt l\u00e4sa<span class=\"screen-reader-text\"> &#8221;Inf\u00f6r bokning-Bokningspolicy&#8221;<\/span><\/a><\/p>\n","protected":false},"author":2,"featured_media":0,"parent":0,"menu_order":0,"comment_status":"closed","ping_status":"closed","template":"","meta":{"ngg_post_thumbnail":0,"footnotes":""},"class_list":["post-428","page","type-page","status-publish","hentry"],"_links":{"self":[{"href":"https:\/\/natalliasklinik.se\/index.php\/wp-json\/wp\/v2\/pages\/428","targetHints":{"allow":["GET"]}}],"collection":[{"href":"https:\/\/natalliasklinik.se\/index.php\/wp-json\/wp\/v2\/pages"}],"about":[{"href":"https:\/\/natalliasklinik.se\/index.php\/wp-json\/wp\/v2\/types\/page"}],"author":[{"embeddable":true,"href":"https:\/\/natalliasklinik.se\/index.php\/wp-json\/wp\/v2\/users\/2"}],"replies":[{"embeddable":true,"href":"https:\/\/natalliasklinik.se\/index.php\/wp-json\/wp\/v2\/comments?post=428"}],"version-history":[{"count":6,"href":"https:\/\/natalliasklinik.se\/index.php\/wp-json\/wp\/v2\/pages\/428\/revisions"}],"predecessor-version":[{"id":13145,"href":"https:\/\/natalliasklinik.se\/index.php\/wp-json\/wp\/v2\/pages\/428\/revisions\/13145"}],"wp:attachment":[{"href":"https:\/\/natalliasklinik.se\/index.php\/wp-json\/wp\/v2\/media?parent=428"}],"curies":[{"name":"wp","href":"https:\/\/api.w.org\/{rel}","templated":true}]}}