{"id":430,"date":"2018-05-13T23:15:40","date_gmt":"2018-05-13T21:15:40","guid":{"rendered":"https:\/\/natalliasnails.se\/?page_id=430"},"modified":"2018-08-23T20:51:17","modified_gmt":"2018-08-23T18:51:17","slug":"manikyr","status":"publish","type":"page","link":"https:\/\/natalliasklinik.se\/index.php\/manikyr\/","title":{"rendered":"Nagelv\u00e5rd och handbehandlingar"},"content":{"rendered":"<p><em>Snygga, v\u00e4lv\u00e5rdade naglar \u00e4r som balsam f\u00f6r sj\u00e4len. Du kan ha fina accessoarer s\u00e5som armband och ringar men det \u00e4r n\u00e4stan alltid naglarna som f\u00e5r dem finaste komplimangerna. Utifr\u00e5n dina \u00f6nskem\u00e5l och behov skapar vi dem perfekta naglarna f\u00f6r dig, oavsett utg\u00e5ngsl\u00e4ge. Hos mig kan du g\u00f6ra allt fr\u00e5n v\u00e5rdande manikyr, handmassage och spa, paraffinbad, Gellack, nagelf\u00f6rl\u00e4ngning, st\u00e4rka dina naturliga naglar,&nbsp; h\u00e4ftiga dekorationer eller nagelbitare program. Jag utf\u00f6r behandlingar i gel\u00e9 och jobbar med LCN\u00b4s produkter:&nbsp;https:\/\/beauty.lcn.se\/<\/em><\/p>\n<p><em><img loading=\"lazy\" decoding=\"async\" class=\"alignnone size-medium wp-image-340\" src=\"https:\/\/natalliasnails.se\/wp-content\/uploads\/2018\/01\/20180126_155028-207x300.jpg\" alt=\"\" width=\"207\" height=\"300\" srcset=\"https:\/\/natalliasklinik.se\/wp-content\/uploads\/2018\/01\/20180126_155028-207x300.jpg 207w, https:\/\/natalliasklinik.se\/wp-content\/uploads\/2018\/01\/20180126_155028-768x1114.jpg 768w, https:\/\/natalliasklinik.se\/wp-content\/uploads\/2018\/01\/20180126_155028-706x1024.jpg 706w\" sizes=\"auto, (max-width: 207px) 100vw, 207px\" \/><img loading=\"lazy\" decoding=\"async\" class=\"alignnone size-medium wp-image-496\" src=\"https:\/\/natalliasnails.se\/wp-content\/uploads\/2018\/05\/20171111-300x169.jpg\" alt=\"\" width=\"300\" height=\"169\" srcset=\"https:\/\/natalliasklinik.se\/wp-content\/uploads\/2018\/05\/20171111-300x169.jpg 300w, https:\/\/natalliasklinik.se\/wp-content\/uploads\/2018\/05\/20171111-768x432.jpg 768w, https:\/\/natalliasklinik.se\/wp-content\/uploads\/2018\/05\/20171111-1024x576.jpg 1024w\" sizes=\"auto, (max-width: 300px) 100vw, 300px\" \/> <img loading=\"lazy\" decoding=\"async\" class=\"alignnone size-medium wp-image-497\" src=\"https:\/\/natalliasnails.se\/wp-content\/uploads\/2018\/05\/31919417_2082666518672090_7158655170312667136_n-300x300.jpg\" alt=\"\" width=\"300\" height=\"300\" srcset=\"https:\/\/natalliasklinik.se\/wp-content\/uploads\/2018\/05\/31919417_2082666518672090_7158655170312667136_n-300x300.jpg 300w, https:\/\/natalliasklinik.se\/wp-content\/uploads\/2018\/05\/31919417_2082666518672090_7158655170312667136_n-150x150.jpg 150w, https:\/\/natalliasklinik.se\/wp-content\/uploads\/2018\/05\/31919417_2082666518672090_7158655170312667136_n-768x768.jpg 768w, https:\/\/natalliasklinik.se\/wp-content\/uploads\/2018\/05\/31919417_2082666518672090_7158655170312667136_n-100x100.jpg 100w, https:\/\/natalliasklinik.se\/wp-content\/uploads\/2018\/05\/31919417_2082666518672090_7158655170312667136_n.jpg 960w\" sizes=\"auto, (max-width: 300px) 100vw, 300px\" \/> <img loading=\"lazy\" decoding=\"async\" class=\"alignnone size-medium wp-image-650\" src=\"https:\/\/natalliasnails.se\/wp-content\/uploads\/2018\/08\/38188545_2154684981470243_7709677686020374528_n-240x300.jpg\" alt=\"\" width=\"240\" height=\"300\" srcset=\"https:\/\/natalliasklinik.se\/wp-content\/uploads\/2018\/08\/38188545_2154684981470243_7709677686020374528_n-240x300.jpg 240w, https:\/\/natalliasklinik.se\/wp-content\/uploads\/2018\/08\/38188545_2154684981470243_7709677686020374528_n.jpg 768w\" sizes=\"auto, (max-width: 240px) 100vw, 240px\" \/><img loading=\"lazy\" decoding=\"async\" class=\"alignnone size-medium wp-image-649\" src=\"https:\/\/natalliasnails.se\/wp-content\/uploads\/2018\/08\/36227145_2117147475223994_3797620184886280192_n-300x300.jpg\" alt=\"\" width=\"300\" height=\"300\" srcset=\"https:\/\/natalliasklinik.se\/wp-content\/uploads\/2018\/08\/36227145_2117147475223994_3797620184886280192_n-300x300.jpg 300w, https:\/\/natalliasklinik.se\/wp-content\/uploads\/2018\/08\/36227145_2117147475223994_3797620184886280192_n-150x150.jpg 150w, https:\/\/natalliasklinik.se\/wp-content\/uploads\/2018\/08\/36227145_2117147475223994_3797620184886280192_n-768x768.jpg 768w, https:\/\/natalliasklinik.se\/wp-content\/uploads\/2018\/08\/36227145_2117147475223994_3797620184886280192_n-100x100.jpg 100w, https:\/\/natalliasklinik.se\/wp-content\/uploads\/2018\/08\/36227145_2117147475223994_3797620184886280192_n.jpg 960w\" sizes=\"auto, (max-width: 300px) 100vw, 300px\" \/><img loading=\"lazy\" decoding=\"async\" class=\"alignnone size-medium wp-image-652\" src=\"https:\/\/natalliasnails.se\/wp-content\/uploads\/2018\/08\/39040835_2165627943709280_7148437606324240384_n-240x300.jpg\" alt=\"\" width=\"240\" height=\"300\" srcset=\"https:\/\/natalliasklinik.se\/wp-content\/uploads\/2018\/08\/39040835_2165627943709280_7148437606324240384_n-240x300.jpg 240w, https:\/\/natalliasklinik.se\/wp-content\/uploads\/2018\/08\/39040835_2165627943709280_7148437606324240384_n.jpg 768w\" sizes=\"auto, (max-width: 240px) 100vw, 240px\" \/><img loading=\"lazy\" decoding=\"async\" class=\"alignnone size-medium wp-image-651\" src=\"https:\/\/natalliasnails.se\/wp-content\/uploads\/2018\/08\/39572539_2174245912847483_6293400628047642624_n-300x183.jpg\" alt=\"\" width=\"300\" height=\"183\" srcset=\"https:\/\/natalliasklinik.se\/wp-content\/uploads\/2018\/08\/39572539_2174245912847483_6293400628047642624_n-300x183.jpg 300w, https:\/\/natalliasklinik.se\/wp-content\/uploads\/2018\/08\/39572539_2174245912847483_6293400628047642624_n-768x467.jpg 768w, https:\/\/natalliasklinik.se\/wp-content\/uploads\/2018\/08\/39572539_2174245912847483_6293400628047642624_n.jpg 960w\" sizes=\"auto, (max-width: 300px) 100vw, 300px\" \/><img loading=\"lazy\" decoding=\"async\" class=\"alignnone size-medium wp-image-653\" src=\"https:\/\/natalliasnails.se\/wp-content\/uploads\/2018\/08\/38909577_2164648627140545_4393484843518787584_n-300x300.jpg\" alt=\"\" width=\"300\" height=\"300\" srcset=\"https:\/\/natalliasklinik.se\/wp-content\/uploads\/2018\/08\/38909577_2164648627140545_4393484843518787584_n-300x300.jpg 300w, https:\/\/natalliasklinik.se\/wp-content\/uploads\/2018\/08\/38909577_2164648627140545_4393484843518787584_n-150x150.jpg 150w, https:\/\/natalliasklinik.se\/wp-content\/uploads\/2018\/08\/38909577_2164648627140545_4393484843518787584_n-768x768.jpg 768w, https:\/\/natalliasklinik.se\/wp-content\/uploads\/2018\/08\/38909577_2164648627140545_4393484843518787584_n-100x100.jpg 100w, https:\/\/natalliasklinik.se\/wp-content\/uploads\/2018\/08\/38909577_2164648627140545_4393484843518787584_n.jpg 960w\" sizes=\"auto, (max-width: 300px) 100vw, 300px\" \/><img loading=\"lazy\" decoding=\"async\" class=\"alignnone size-medium wp-image-499\" src=\"https:\/\/natalliasnails.se\/wp-content\/uploads\/2018\/05\/32777608_2090300701242005_7467717838657028096_n-300x219.jpg\" alt=\"\" width=\"300\" height=\"219\" srcset=\"https:\/\/natalliasklinik.se\/wp-content\/uploads\/2018\/05\/32777608_2090300701242005_7467717838657028096_n-300x219.jpg 300w, https:\/\/natalliasklinik.se\/wp-content\/uploads\/2018\/05\/32777608_2090300701242005_7467717838657028096_n-768x560.jpg 768w, https:\/\/natalliasklinik.se\/wp-content\/uploads\/2018\/05\/32777608_2090300701242005_7467717838657028096_n.jpg 960w\" sizes=\"auto, (max-width: 300px) 100vw, 300px\" \/><img loading=\"lazy\" decoding=\"async\" class=\"alignnone size-medium wp-image-349\" src=\"https:\/\/natalliasnails.se\/wp-content\/uploads\/2018\/01\/20171208_234707-e1517461786773-169x300.jpg\" alt=\"\" width=\"169\" height=\"300\" srcset=\"https:\/\/natalliasklinik.se\/wp-content\/uploads\/2018\/01\/20171208_234707-e1517461786773-169x300.jpg 169w, https:\/\/natalliasklinik.se\/wp-content\/uploads\/2018\/01\/20171208_234707-e1517461786773-768x1365.jpg 768w, https:\/\/natalliasklinik.se\/wp-content\/uploads\/2018\/01\/20171208_234707-e1517461786773-576x1024.jpg 576w\" sizes=\"auto, (max-width: 169px) 100vw, 169px\" \/><\/em><\/p>\n<p>&nbsp;<img loading=\"lazy\" decoding=\"async\" class=\"alignnone size-medium wp-image-431\" src=\"https:\/\/natalliasnails.se\/wp-content\/uploads\/2018\/05\/31450762_2079178672354208_3803044810185506816_n-300x215.jpg\" alt=\"\" width=\"300\" height=\"215\" srcset=\"https:\/\/natalliasklinik.se\/wp-content\/uploads\/2018\/05\/31450762_2079178672354208_3803044810185506816_n-300x215.jpg 300w, https:\/\/natalliasklinik.se\/wp-content\/uploads\/2018\/05\/31450762_2079178672354208_3803044810185506816_n-768x550.jpg 768w, https:\/\/natalliasklinik.se\/wp-content\/uploads\/2018\/05\/31450762_2079178672354208_3803044810185506816_n.jpg 960w\" sizes=\"auto, (max-width: 300px) 100vw, 300px\" \/><\/p>\n","protected":false},"excerpt":{"rendered":"<p>Snygga, v\u00e4lv\u00e5rdade naglar \u00e4r som balsam f\u00f6r sj\u00e4len. Du kan ha fina accessoarer s\u00e5som armband och ringar men det \u00e4r n\u00e4stan alltid naglarna som f\u00e5r dem finaste komplimangerna. Utifr\u00e5n dina \u00f6nskem\u00e5l och behov skapar vi dem perfekta naglarna f\u00f6r dig, oavsett utg\u00e5ngsl\u00e4ge. Hos mig kan du g\u00f6ra allt fr\u00e5n v\u00e5rdande manikyr, handmassage och spa, paraffinbad, &hellip; <\/p>\n<p class=\"link-more\"><a href=\"https:\/\/natalliasklinik.se\/index.php\/manikyr\/\" class=\"more-link\">Forts\u00e4tt l\u00e4sa<span class=\"screen-reader-text\"> &#8221;Nagelv\u00e5rd och handbehandlingar&#8221;<\/span><\/a><\/p>\n","protected":false},"author":2,"featured_media":0,"parent":0,"menu_order":0,"comment_status":"closed","ping_status":"closed","template":"","meta":{"ngg_post_thumbnail":0,"footnotes":""},"class_list":["post-430","page","type-page","status-publish","hentry"],"_links":{"self":[{"href":"https:\/\/natalliasklinik.se\/index.php\/wp-json\/wp\/v2\/pages\/430","targetHints":{"allow":["GET"]}}],"collection":[{"href":"https:\/\/natalliasklinik.se\/index.php\/wp-json\/wp\/v2\/pages"}],"about":[{"href":"https:\/\/natalliasklinik.se\/index.php\/wp-json\/wp\/v2\/types\/page"}],"author":[{"embeddable":true,"href":"https:\/\/natalliasklinik.se\/index.php\/wp-json\/wp\/v2\/users\/2"}],"replies":[{"embeddable":true,"href":"https:\/\/natalliasklinik.se\/index.php\/wp-json\/wp\/v2\/comments?post=430"}],"version-history":[{"count":7,"href":"https:\/\/natalliasklinik.se\/index.php\/wp-json\/wp\/v2\/pages\/430\/revisions"}],"predecessor-version":[{"id":654,"href":"https:\/\/natalliasklinik.se\/index.php\/wp-json\/wp\/v2\/pages\/430\/revisions\/654"}],"wp:attachment":[{"href":"https:\/\/natalliasklinik.se\/index.php\/wp-json\/wp\/v2\/media?parent=430"}],"curies":[{"name":"wp","href":"https:\/\/api.w.org\/{rel}","templated":true}]}}