{"id":439,"date":"2018-05-13T23:46:43","date_gmt":"2018-05-13T21:46:43","guid":{"rendered":"https:\/\/natalliasnails.se\/?page_id=439"},"modified":"2024-09-15T04:18:02","modified_gmt":"2024-09-15T02:18:02","slug":"ogonfransforlangning","status":"publish","type":"page","link":"https:\/\/natalliasklinik.se\/index.php\/ogonfransforlangning\/","title":{"rendered":"\u00d6gonfransf\u00f6rl\u00e4ngning"},"content":{"rendered":"<p><strong>\u00d6GONFRANSF\u00d6RL\u00c4NGNING <\/strong><\/p>\n<p>Vill du ha l\u00e4ngre fransar och skippa mascara?<br \/>\nGenom en fransf\u00f6rl\u00e4ngning f\u00e5r du en helt ny utstr\u00e5lning med pigga och sensuella \u00f6gon. Att jobba med \u00f6gonfransf\u00f6rl\u00e4nging \u00e4r ett hantverk. F\u00f6r oss \u00e4r kvalitet och h\u00e5llbarhet viktigt d\u00e4rf\u00f6r anv\u00e4nder vi oss av marknadens b\u00e4sta material. \u00d6gonfransf\u00f6rl\u00e4nging g\u00e5r ut p\u00e5 var och en av sina egna fransar f\u00e4ster en syntetisk l\u00f6sfrans med ett special anpassat lim. Noggrant separerade f\u00f6r maximal h\u00e5llbarhet och f\u00f6r att inte skada dina egna fransar. Det h\u00e5ller i ca 4-6 veckor beroende p\u00e5 hur man sk\u00f6ter fransarna. Fransarna finns i olika b\u00f6jningar, tjocklekar och l\u00e4ngder f\u00f6r att man ska kunna anpassa fransarna f\u00f6r just dina \u00f6nskem\u00e5l. &nbsp;Jag arbetar med silke Lcn.<\/p>\n<p>F\u00f6rl\u00e4ngningen g\u00f6rs med fransar som \u00e4r naturligt b\u00f6jda, \u00f6gonfransf\u00f6rl\u00e4ngning \u00e4r ett hantverk av h\u00f6gsta grad d\u00e4r man applicerar \u201dfrans f\u00f6r frans\u201d f\u00f6r ett totalt naturligt utseende. Ni erbjuds flera olika l\u00e4ngder och tjocklekar, vilket ger dig friheten att best\u00e4mma din egen look. Dina \u00f6gon kommer se mer attraktiva ut genom l\u00e4ngre och tjockare fransar. Den konstgjorda f\u00f6rl\u00e4ngningarna ger \u00f6gat en elegant och vacker inramning, samtidigt som det ser naturligt ut. \u00d6gonfransf\u00f6rl\u00e4ngningen g\u00f6r inte ont, det \u00e4r en avslappnande stund och det flesta slumrar tillhttps:\/\/www.traditionrolex.com\/6. \u00d6gonfransf\u00f6rl\u00e4ngningen \u00e4r \u00e4ven m\u00f6jlig f\u00f6r personer som b\u00e4r linser eller glas\u00f6gon.<\/p>\n<p style=\"padding-left: 80px;\">Hur fransarna kommer att h\u00e5lla fram\u00f6ver beror nu framf\u00f6r allt p\u00e5 dig sj\u00e4lv!<br \/>\nDet \u00e4r s\u00e5 viktigt att man reng\u00f6r \u00f6gonen varje dag!! De kommer inte bara att se b\u00e4ttre ut (smutsiga fransar \u00e4r aldrig snygga!), utan de kommer att h\u00e5lla l\u00e4ngre.<br \/>\nUndvik vatten p\u00e5 fransarna under de kommande timmar s\u00e5 att limmet hinner att torka ordentilgt.<br \/>\nDet kan lossna fransar i b\u00f6rjan, speciellt p\u00e5 sidorna d\u00e4r de uts\u00e4tts f\u00f6r mest slitage.<span class=\"text_exposed_show\"><br \/>\nUndvik produkter med olja p\u00e5 fransarna. Oljan l\u00f6ser upp limmet, klor och saltvatten p\u00e5verkar h\u00e5llbarheten. Undvik produkter som inneh\u00e5ller propyleneglykol. Undvik balsam och shampoo p\u00e5 fransarna d\u00e5 det kan inneh\u00e5lla \u00e4mnen som g\u00f6r att fransarna sl\u00e4pper. Har du volume fransar ska du inte ha mascara, d\u00e5 dom klibbar ihop till en frans och det \u00e4r sv\u00e5rt att tv\u00e4tta bort. Sliter p\u00e5 den egena fransen. Du kan ha ansiktskr\u00e4m som vanligt, men var f\u00f6rsiktig runt \u00f6gonen.<br \/>\nInte anv\u00e4nda bomull eller n\u00e5got annat som avger tr\u00e5dar p\u00e5 fransarna. Det kan vara mycket sv\u00e5rt att f\u00e5 bort. F\u00f6rs\u00f6k att inte gnugga och pilla p\u00e5 fransarna.<br \/>\nTrots att man ska vara f\u00f6rsiktig med sin fransf\u00f6rl\u00e4ngning \u00e4r det viktigt att man reng\u00f6r sina fransar och \u00f6gonlock. Detta h\u00e4nder om man inte reng\u00f6r fransarna.<br \/>\n1. Smuts och smink g\u00f6r att limmets h\u00e5llbarhet f\u00f6rs\u00e4mras och l\u00f6sfransarna kan lossna i f\u00f6rtid.<br \/>\n2. Vid p\u00e5fyllning av nya fransar \u00e4r det viktigt att dom \u00e4r ordentligt rengjorda. Finns det minsta sp\u00e5r av smink ex mascara, puder eller kajal kan h\u00e5llbarheten f\u00f6rs\u00e4mras och l\u00f6sfransarna kan lossna i f\u00f6rtid.<br \/>\n3. H\u00e5rs\u00e4ckarna kan bli p\u00e5verkade och igensatta vilket leder till att tillv\u00e4xten av nya fransar p\u00e5verkas. Fransarna blir tunnare och kortare.<br \/>\n4. Man kan utveckla \u00f6gonlocksinflammation (Blepharitis). Vilket ibland annat visar sig genom att man f\u00e5r hudflagor, rosa\/r\u00f6da \u00f6gonlock, sekret vid fransarna och kan k\u00e4nnas som man har skr\u00e4p i \u00f6gat.<\/span><\/p>\n<div class=\"text_exposed_show\">\n<p>Eftersom man varje dag tappar n\u00e5gra av sina fransar tunnas de ut efter hand. Nya fransar v\u00e4xer ut hela tiden och detta g\u00f6r att antalat l\u00f6sfransar minskar. Efter 3-4 veckor g\u00f6r man en p\u00e5fyllning.<br \/>\nAnv\u00e4nd produkter som \u00e4r framtagna f\u00f6r fransf\u00f6rl\u00e4ngningar ex reng\u00f6rnigsmedel, borste, mascar, eyeliner; helst p\u00e5 en salong fr\u00e5n en utbildad Fransstylist!Som anges i den h\u00e4r artikeln kan du bl\u00e4ddra igenom ditt urval av tillg\u00e4ngliga erbjudanden p\u00e5 smartphones och toppm\u00e4rken och utforska de mobiltj\u00e4nstplaner som b\u00e4st passar dina behov.<\/p>\n<\/div>\n","protected":false},"excerpt":{"rendered":"<p>\u00d6GONFRANSF\u00d6RL\u00c4NGNING Vill du ha l\u00e4ngre fransar och skippa mascara? Genom en fransf\u00f6rl\u00e4ngning f\u00e5r du en helt ny utstr\u00e5lning med pigga och sensuella \u00f6gon. Att jobba med \u00f6gonfransf\u00f6rl\u00e4nging \u00e4r ett hantverk. F\u00f6r oss \u00e4r kvalitet och h\u00e5llbarhet viktigt d\u00e4rf\u00f6r anv\u00e4nder vi oss av marknadens b\u00e4sta material. \u00d6gonfransf\u00f6rl\u00e4nging g\u00e5r ut p\u00e5 var och en av sina egna &hellip; <\/p>\n<p class=\"link-more\"><a href=\"https:\/\/natalliasklinik.se\/index.php\/ogonfransforlangning\/\" class=\"more-link\">Forts\u00e4tt l\u00e4sa<span class=\"screen-reader-text\"> &#8221;\u00d6gonfransf\u00f6rl\u00e4ngning&#8221;<\/span><\/a><\/p>\n","protected":false},"author":2,"featured_media":0,"parent":0,"menu_order":0,"comment_status":"closed","ping_status":"closed","template":"","meta":{"ngg_post_thumbnail":0,"footnotes":""},"class_list":["post-439","page","type-page","status-publish","hentry"],"_links":{"self":[{"href":"https:\/\/natalliasklinik.se\/index.php\/wp-json\/wp\/v2\/pages\/439","targetHints":{"allow":["GET"]}}],"collection":[{"href":"https:\/\/natalliasklinik.se\/index.php\/wp-json\/wp\/v2\/pages"}],"about":[{"href":"https:\/\/natalliasklinik.se\/index.php\/wp-json\/wp\/v2\/types\/page"}],"author":[{"embeddable":true,"href":"https:\/\/natalliasklinik.se\/index.php\/wp-json\/wp\/v2\/users\/2"}],"replies":[{"embeddable":true,"href":"https:\/\/natalliasklinik.se\/index.php\/wp-json\/wp\/v2\/comments?post=439"}],"version-history":[{"count":15,"href":"https:\/\/natalliasklinik.se\/index.php\/wp-json\/wp\/v2\/pages\/439\/revisions"}],"predecessor-version":[{"id":13142,"href":"https:\/\/natalliasklinik.se\/index.php\/wp-json\/wp\/v2\/pages\/439\/revisions\/13142"}],"wp:attachment":[{"href":"https:\/\/natalliasklinik.se\/index.php\/wp-json\/wp\/v2\/media?parent=439"}],"curies":[{"name":"wp","href":"https:\/\/api.w.org\/{rel}","templated":true}]}}