{"id":443,"date":"2018-05-14T00:01:08","date_gmt":"2018-05-13T22:01:08","guid":{"rendered":"https:\/\/natalliasnails.se\/?page_id=443"},"modified":"2019-02-28T20:53:35","modified_gmt":"2019-02-28T19:53:35","slug":"ogonbryn","status":"publish","type":"page","link":"https:\/\/natalliasklinik.se\/index.php\/ogonbryn\/","title":{"rendered":"\u00d6gonbryn"},"content":{"rendered":"<p>Dina \u00f6gonbryn \u00e4r otroligt viktiga f\u00f6r ditt utseende. Korrekt formade \u00f6gonbryn ramar in \u00f6gonen och f\u00e5r dig att se yngre och vackrare ut. Du beh\u00f6ver aldrig mer anv\u00e4nda dig av en \u00f6gonbrynspenna. Nu kan du f\u00e5 perfekta \u00f6gonbryn som \u00e4r balanserade och symmetriska \u00e5ret runt.&nbsp;&nbsp;Har du n\u00e5gonsin funderat hur folk l\u00e4ser av dina \u00f6gonbryn? T.ex. upph\u00f6jda, visar att man \u00e4r \u00f6ppen, pigg, nyfiken och imponerad. Ihoptrycka visar, f\u00f6rvirring, missn\u00f6je eller rentav ilska. Raka \u00e5 andra sidan tyder p\u00e5 likgiltighet, livl\u00f6shet. \u00d6gonbrynen ramar in ditt ansikte. Man brukar s\u00e4ga att &#8221;vackra \u00f6gonbryn f\u00e5r \u00f6gonen att le&#8221;. De drar uppm\u00e4rksamheten till \u00f6vre delen av ansiktet och framh\u00e5ller brynets b\u00f6jning, pupillens djup samt kindbenens h\u00f6jd.<\/p>\n<p>https:\/\/www.facebook.com\/natalliasnails\/videos\/2103552776583464\/?t=8<\/p>\n<p><img loading=\"lazy\" decoding=\"async\" class=\"alignnone size-medium wp-image-517\" src=\"https:\/\/natalliasnails.se\/wp-content\/uploads\/2018\/06\/33364936_2093655737573168_2508870661665980416_n-300x200.jpg\" alt=\"\" width=\"300\" height=\"200\" srcset=\"https:\/\/natalliasklinik.se\/wp-content\/uploads\/2018\/06\/33364936_2093655737573168_2508870661665980416_n-300x200.jpg 300w, https:\/\/natalliasklinik.se\/wp-content\/uploads\/2018\/06\/33364936_2093655737573168_2508870661665980416_n-768x512.jpg 768w, https:\/\/natalliasklinik.se\/wp-content\/uploads\/2018\/06\/33364936_2093655737573168_2508870661665980416_n.jpg 960w\" sizes=\"auto, (max-width: 300px) 100vw, 300px\" \/><img loading=\"lazy\" decoding=\"async\" class=\"alignnone size-medium wp-image-2244\" src=\"https:\/\/natalliasklinik.se\/wp-content\/uploads\/2019\/02\/47180286_2239234839681923_2566814447708405760_n-300x300.jpg\" alt=\"\" width=\"300\" height=\"300\" srcset=\"https:\/\/natalliasklinik.se\/wp-content\/uploads\/2019\/02\/47180286_2239234839681923_2566814447708405760_n-300x300.jpg 300w, https:\/\/natalliasklinik.se\/wp-content\/uploads\/2019\/02\/47180286_2239234839681923_2566814447708405760_n-150x150.jpg 150w, https:\/\/natalliasklinik.se\/wp-content\/uploads\/2019\/02\/47180286_2239234839681923_2566814447708405760_n-768x768.jpg 768w, https:\/\/natalliasklinik.se\/wp-content\/uploads\/2019\/02\/47180286_2239234839681923_2566814447708405760_n-100x100.jpg 100w, https:\/\/natalliasklinik.se\/wp-content\/uploads\/2019\/02\/47180286_2239234839681923_2566814447708405760_n.jpg 960w\" sizes=\"auto, (max-width: 300px) 100vw, 300px\" \/><img loading=\"lazy\" decoding=\"async\" class=\"alignnone size-medium wp-image-1291\" src=\"https:\/\/natalliasklinik.se\/wp-content\/uploads\/2018\/10\/20180829_144932-300x169.jpg\" alt=\"\" width=\"300\" height=\"169\" srcset=\"https:\/\/natalliasklinik.se\/wp-content\/uploads\/2018\/10\/20180829_144932-300x169.jpg 300w, https:\/\/natalliasklinik.se\/wp-content\/uploads\/2018\/10\/20180829_144932-768x432.jpg 768w, https:\/\/natalliasklinik.se\/wp-content\/uploads\/2018\/10\/20180829_144932-1024x576.jpg 1024w\" sizes=\"auto, (max-width: 300px) 100vw, 300px\" \/><img loading=\"lazy\" decoding=\"async\" class=\"alignnone size-medium wp-image-656\" src=\"https:\/\/natalliasnails.se\/wp-content\/uploads\/2018\/08\/40075793_2180820345523373_3667404644851646464_n-300x157.jpg\" alt=\"\" width=\"300\" height=\"157\" srcset=\"https:\/\/natalliasklinik.se\/wp-content\/uploads\/2018\/08\/40075793_2180820345523373_3667404644851646464_n-300x157.jpg 300w, https:\/\/natalliasklinik.se\/wp-content\/uploads\/2018\/08\/40075793_2180820345523373_3667404644851646464_n-768x401.jpg 768w, https:\/\/natalliasklinik.se\/wp-content\/uploads\/2018\/08\/40075793_2180820345523373_3667404644851646464_n.jpg 960w\" sizes=\"auto, (max-width: 300px) 100vw, 300px\" \/><img loading=\"lazy\" decoding=\"async\" class=\"alignnone size-medium wp-image-519\" src=\"https:\/\/natalliasnails.se\/wp-content\/uploads\/2018\/06\/33611696_2093655657573176_3063112568894652416_n-300x176.jpg\" alt=\"\" width=\"300\" height=\"176\" srcset=\"https:\/\/natalliasklinik.se\/wp-content\/uploads\/2018\/06\/33611696_2093655657573176_3063112568894652416_n-300x176.jpg 300w, https:\/\/natalliasklinik.se\/wp-content\/uploads\/2018\/06\/33611696_2093655657573176_3063112568894652416_n-768x450.jpg 768w, https:\/\/natalliasklinik.se\/wp-content\/uploads\/2018\/06\/33611696_2093655657573176_3063112568894652416_n.jpg 960w\" sizes=\"auto, (max-width: 300px) 100vw, 300px\" \/><img loading=\"lazy\" decoding=\"async\" class=\"alignnone size-medium wp-image-2235\" src=\"https:\/\/natalliasklinik.se\/wp-content\/uploads\/2019\/02\/51790097_2283765185228888_8896420881262182400_n-300x300.jpg\" alt=\"\" width=\"300\" height=\"300\" srcset=\"https:\/\/natalliasklinik.se\/wp-content\/uploads\/2019\/02\/51790097_2283765185228888_8896420881262182400_n-300x300.jpg 300w, https:\/\/natalliasklinik.se\/wp-content\/uploads\/2019\/02\/51790097_2283765185228888_8896420881262182400_n-150x150.jpg 150w, https:\/\/natalliasklinik.se\/wp-content\/uploads\/2019\/02\/51790097_2283765185228888_8896420881262182400_n-768x768.jpg 768w, https:\/\/natalliasklinik.se\/wp-content\/uploads\/2019\/02\/51790097_2283765185228888_8896420881262182400_n-100x100.jpg 100w, https:\/\/natalliasklinik.se\/wp-content\/uploads\/2019\/02\/51790097_2283765185228888_8896420881262182400_n.jpg 960w\" sizes=\"auto, (max-width: 300px) 100vw, 300px\" \/><\/p>\n","protected":false},"excerpt":{"rendered":"<p>Dina \u00f6gonbryn \u00e4r otroligt viktiga f\u00f6r ditt utseende. Korrekt formade \u00f6gonbryn ramar in \u00f6gonen och f\u00e5r dig att se yngre och vackrare ut. Du beh\u00f6ver aldrig mer anv\u00e4nda dig av en \u00f6gonbrynspenna. Nu kan du f\u00e5 perfekta \u00f6gonbryn som \u00e4r balanserade och symmetriska \u00e5ret runt.&nbsp;&nbsp;Har du n\u00e5gonsin funderat hur folk l\u00e4ser av dina \u00f6gonbryn? T.ex. &hellip; <\/p>\n<p class=\"link-more\"><a href=\"https:\/\/natalliasklinik.se\/index.php\/ogonbryn\/\" class=\"more-link\">Forts\u00e4tt l\u00e4sa<span class=\"screen-reader-text\"> &#8221;\u00d6gonbryn&#8221;<\/span><\/a><\/p>\n","protected":false},"author":2,"featured_media":0,"parent":0,"menu_order":0,"comment_status":"closed","ping_status":"closed","template":"","meta":{"ngg_post_thumbnail":0,"footnotes":""},"class_list":["post-443","page","type-page","status-publish","hentry"],"_links":{"self":[{"href":"https:\/\/natalliasklinik.se\/index.php\/wp-json\/wp\/v2\/pages\/443","targetHints":{"allow":["GET"]}}],"collection":[{"href":"https:\/\/natalliasklinik.se\/index.php\/wp-json\/wp\/v2\/pages"}],"about":[{"href":"https:\/\/natalliasklinik.se\/index.php\/wp-json\/wp\/v2\/types\/page"}],"author":[{"embeddable":true,"href":"https:\/\/natalliasklinik.se\/index.php\/wp-json\/wp\/v2\/users\/2"}],"replies":[{"embeddable":true,"href":"https:\/\/natalliasklinik.se\/index.php\/wp-json\/wp\/v2\/comments?post=443"}],"version-history":[{"count":11,"href":"https:\/\/natalliasklinik.se\/index.php\/wp-json\/wp\/v2\/pages\/443\/revisions"}],"predecessor-version":[{"id":2245,"href":"https:\/\/natalliasklinik.se\/index.php\/wp-json\/wp\/v2\/pages\/443\/revisions\/2245"}],"wp:attachment":[{"href":"https:\/\/natalliasklinik.se\/index.php\/wp-json\/wp\/v2\/media?parent=443"}],"curies":[{"name":"wp","href":"https:\/\/api.w.org\/{rel}","templated":true}]}}