{"id":446,"date":"2018-05-14T00:03:27","date_gmt":"2018-05-13T22:03:27","guid":{"rendered":"https:\/\/natalliasnails.se\/?page_id=446"},"modified":"2018-05-14T00:03:34","modified_gmt":"2018-05-13T22:03:34","slug":"eyeliner","status":"publish","type":"page","link":"https:\/\/natalliasklinik.se\/index.php\/eyeliner\/","title":{"rendered":"Eyeliner"},"content":{"rendered":"<p>M\u00e5nga kvinnor skulle vilja ha st\u00f6rre \u00f6gon och tjockare \u00f6gonfransar f\u00f6r att ge dem ett \u00e4nnu mer tilltalande utseende. Permanent makeup kan ge s\u00e5dana resultat och \u00e4r ocks\u00e5 idealiskt f\u00f6r kvinnor som har problem med att l\u00e4gga p\u00e5 \u00f6gon make up eller som har allergier, synproblem eller rinnande \u00f6gon. Du f\u00e5r ett vackert, naturligt utseende som ser ut som tusentals tunna \u00f6gonfransh\u00e5r genom att pigment l\u00e4ggs i franskanten. Genom att l\u00e4gga lite mer skugga kan man antingen f\u00e5 en mjukare och mer naturlig linje eller en mer utmanande skarp linje.&nbsp;<\/p>\n<p>&nbsp;<\/p>\n","protected":false},"excerpt":{"rendered":"<p>M\u00e5nga kvinnor skulle vilja ha st\u00f6rre \u00f6gon och tjockare \u00f6gonfransar f\u00f6r att ge dem ett \u00e4nnu mer tilltalande utseende. Permanent makeup kan ge s\u00e5dana resultat och \u00e4r ocks\u00e5 idealiskt f\u00f6r kvinnor som har problem med att l\u00e4gga p\u00e5 \u00f6gon make up eller som har allergier, synproblem eller rinnande \u00f6gon. Du f\u00e5r ett vackert, naturligt utseende &hellip; <\/p>\n<p class=\"link-more\"><a href=\"https:\/\/natalliasklinik.se\/index.php\/eyeliner\/\" class=\"more-link\">Forts\u00e4tt l\u00e4sa<span class=\"screen-reader-text\"> &#8221;Eyeliner&#8221;<\/span><\/a><\/p>\n","protected":false},"author":2,"featured_media":0,"parent":0,"menu_order":0,"comment_status":"closed","ping_status":"closed","template":"","meta":{"ngg_post_thumbnail":0,"footnotes":""},"class_list":["post-446","page","type-page","status-publish","hentry"],"_links":{"self":[{"href":"https:\/\/natalliasklinik.se\/index.php\/wp-json\/wp\/v2\/pages\/446","targetHints":{"allow":["GET"]}}],"collection":[{"href":"https:\/\/natalliasklinik.se\/index.php\/wp-json\/wp\/v2\/pages"}],"about":[{"href":"https:\/\/natalliasklinik.se\/index.php\/wp-json\/wp\/v2\/types\/page"}],"author":[{"embeddable":true,"href":"https:\/\/natalliasklinik.se\/index.php\/wp-json\/wp\/v2\/users\/2"}],"replies":[{"embeddable":true,"href":"https:\/\/natalliasklinik.se\/index.php\/wp-json\/wp\/v2\/comments?post=446"}],"version-history":[{"count":1,"href":"https:\/\/natalliasklinik.se\/index.php\/wp-json\/wp\/v2\/pages\/446\/revisions"}],"predecessor-version":[{"id":447,"href":"https:\/\/natalliasklinik.se\/index.php\/wp-json\/wp\/v2\/pages\/446\/revisions\/447"}],"wp:attachment":[{"href":"https:\/\/natalliasklinik.se\/index.php\/wp-json\/wp\/v2\/media?parent=446"}],"curies":[{"name":"wp","href":"https:\/\/api.w.org\/{rel}","templated":true}]}}