{"id":451,"date":"2018-05-14T00:08:11","date_gmt":"2018-05-13T22:08:11","guid":{"rendered":"https:\/\/natalliasnails.se\/?page_id=451"},"modified":"2019-02-28T20:53:01","modified_gmt":"2019-02-28T19:53:01","slug":"lappar","status":"publish","type":"page","link":"https:\/\/natalliasklinik.se\/index.php\/lappar\/","title":{"rendered":"L\u00e4ppar"},"content":{"rendered":"<p>Munnens form kan komma att se yngre ut genom att l\u00e4pplinjen \u00e5terskapas eller genom att man&nbsp; l\u00e4gger p\u00e5 en f\u00e4rgskugga \u00f6ver hela l\u00e4pparna. F\u00e4rgerna finns i skiftningar fr\u00e5n naturligt rosa till en djupare r\u00f6d f\u00e4rg i b\u00e5de kalla och varma nyanser. Man b\u00f6rjar med att g\u00f6ra en kontur med liner-tekniken. D\u00e4refter sprids f\u00e4rgen ut och penslas fj\u00e4derl\u00e4tt in inuti l\u00e4ppen. Det ger en mycket vacker effekt och kr\u00e4ver stor skicklighet. M\u00e5nga kunder har en helt naturlig f\u00e4rg som kan f\u00f6rst\u00e4rka tonen, volymen och slutresultatet.<\/p>\n<p><img loading=\"lazy\" decoding=\"async\" class=\"alignnone size-medium wp-image-452\" src=\"https:\/\/natalliasnails.se\/wp-content\/uploads\/2018\/05\/32370932_2087233161548759_5270878900392558592_n-300x300.jpg\" alt=\"\" width=\"300\" height=\"300\" srcset=\"https:\/\/natalliasklinik.se\/wp-content\/uploads\/2018\/05\/32370932_2087233161548759_5270878900392558592_n-300x300.jpg 300w, https:\/\/natalliasklinik.se\/wp-content\/uploads\/2018\/05\/32370932_2087233161548759_5270878900392558592_n-150x150.jpg 150w, https:\/\/natalliasklinik.se\/wp-content\/uploads\/2018\/05\/32370932_2087233161548759_5270878900392558592_n-768x768.jpg 768w, https:\/\/natalliasklinik.se\/wp-content\/uploads\/2018\/05\/32370932_2087233161548759_5270878900392558592_n-100x100.jpg 100w, https:\/\/natalliasklinik.se\/wp-content\/uploads\/2018\/05\/32370932_2087233161548759_5270878900392558592_n.jpg 960w\" sizes=\"auto, (max-width: 300px) 100vw, 300px\" \/><img loading=\"lazy\" decoding=\"async\" class=\"alignnone size-medium wp-image-2242\" src=\"https:\/\/natalliasklinik.se\/wp-content\/uploads\/2019\/02\/48387443_2251011658504241_1900354425243828224_n-300x300.jpg\" alt=\"\" width=\"300\" height=\"300\" srcset=\"https:\/\/natalliasklinik.se\/wp-content\/uploads\/2019\/02\/48387443_2251011658504241_1900354425243828224_n-300x300.jpg 300w, https:\/\/natalliasklinik.se\/wp-content\/uploads\/2019\/02\/48387443_2251011658504241_1900354425243828224_n-150x150.jpg 150w, https:\/\/natalliasklinik.se\/wp-content\/uploads\/2019\/02\/48387443_2251011658504241_1900354425243828224_n-768x768.jpg 768w, https:\/\/natalliasklinik.se\/wp-content\/uploads\/2019\/02\/48387443_2251011658504241_1900354425243828224_n-100x100.jpg 100w, https:\/\/natalliasklinik.se\/wp-content\/uploads\/2019\/02\/48387443_2251011658504241_1900354425243828224_n.jpg 960w\" sizes=\"auto, (max-width: 300px) 100vw, 300px\" \/><\/p>\n","protected":false},"excerpt":{"rendered":"<p>Munnens form kan komma att se yngre ut genom att l\u00e4pplinjen \u00e5terskapas eller genom att man&nbsp; l\u00e4gger p\u00e5 en f\u00e4rgskugga \u00f6ver hela l\u00e4pparna. F\u00e4rgerna finns i skiftningar fr\u00e5n naturligt rosa till en djupare r\u00f6d f\u00e4rg i b\u00e5de kalla och varma nyanser. Man b\u00f6rjar med att g\u00f6ra en kontur med liner-tekniken. D\u00e4refter sprids f\u00e4rgen ut och &hellip; <\/p>\n<p class=\"link-more\"><a href=\"https:\/\/natalliasklinik.se\/index.php\/lappar\/\" class=\"more-link\">Forts\u00e4tt l\u00e4sa<span class=\"screen-reader-text\"> &#8221;L\u00e4ppar&#8221;<\/span><\/a><\/p>\n","protected":false},"author":2,"featured_media":0,"parent":0,"menu_order":0,"comment_status":"closed","ping_status":"closed","template":"","meta":{"ngg_post_thumbnail":0,"footnotes":""},"class_list":["post-451","page","type-page","status-publish","hentry"],"_links":{"self":[{"href":"https:\/\/natalliasklinik.se\/index.php\/wp-json\/wp\/v2\/pages\/451","targetHints":{"allow":["GET"]}}],"collection":[{"href":"https:\/\/natalliasklinik.se\/index.php\/wp-json\/wp\/v2\/pages"}],"about":[{"href":"https:\/\/natalliasklinik.se\/index.php\/wp-json\/wp\/v2\/types\/page"}],"author":[{"embeddable":true,"href":"https:\/\/natalliasklinik.se\/index.php\/wp-json\/wp\/v2\/users\/2"}],"replies":[{"embeddable":true,"href":"https:\/\/natalliasklinik.se\/index.php\/wp-json\/wp\/v2\/comments?post=451"}],"version-history":[{"count":2,"href":"https:\/\/natalliasklinik.se\/index.php\/wp-json\/wp\/v2\/pages\/451\/revisions"}],"predecessor-version":[{"id":2243,"href":"https:\/\/natalliasklinik.se\/index.php\/wp-json\/wp\/v2\/pages\/451\/revisions\/2243"}],"wp:attachment":[{"href":"https:\/\/natalliasklinik.se\/index.php\/wp-json\/wp\/v2\/media?parent=451"}],"curies":[{"name":"wp","href":"https:\/\/api.w.org\/{rel}","templated":true}]}}