{"id":468,"date":"2018-05-24T09:54:38","date_gmt":"2018-05-24T07:54:38","guid":{"rendered":"https:\/\/natalliasnails.se\/?page_id=468"},"modified":"2024-09-15T04:18:32","modified_gmt":"2024-09-15T02:18:32","slug":"permanent-makeup-kosmetisk-tatuering","status":"publish","type":"page","link":"https:\/\/natalliasklinik.se\/index.php\/permanent-makeup-kosmetisk-tatuering\/","title":{"rendered":"Permanent Makeup \/ Kosmetisk tatuering"},"content":{"rendered":"<h3>Vad \u00e4r permanent make up?<\/h3>\n<p>Permanent makeup \/ kosmetisk tatuering \u00e4r ett implantat med sterila f\u00e4rger. Vid tatuering inf\u00f6rs pigment i huden med hj\u00e4lp av n\u00e5l. Eftersom det yttersta hudlagret, epidermis, underg\u00e5r st\u00e4ndiga f\u00f6r\u00e4ndringar i form av d\u00f6da hudceller som ers\u00e4tts av nya, s\u00e5 tatueras det sterila f\u00e4rgpigmentet b\u00e5de p\u00e5 det lagret men ocks\u00e5 p\u00e5 det underliggande lagret som heter dermis.&nbsp; Jag p\u00e5 min klinik i Sollefte\u00e5 anv\u00e4nder jobbar med Lcn produkter&nbsp;<em><strong>*LCN tatueringspigment inneh\u00e5ller ej;&nbsp;tungmetaller, arsenik,&nbsp;barium o bly. \u00c4r Biological&nbsp;safety. Testade o tillverkade i Tyskland p\u00e5 Wilde Cosmetics. EU ceriterade. F\u00f6ljer Svensk, &nbsp;EU samt Amerikansk lagstiftning. F\u00f6ljer svenska m\u00e4rkninsregler, \u00e4r b\u00e5de organiska och&nbsp;oorganiska.&nbsp;*LCN kan stolt ber\u00e4tta att deras pigment blev 2016 godk\u00e4nda, enligt Svensk lagstiftning kontrollerat av Svenska L\u00e4kemedelsverket;&nbsp;<\/strong><\/em><\/p>\n<p>https:\/\/www.facebook.com\/natalliasnails\/videos\/2103552776583464\/?t=7<\/p>\n<p>Alla behandlingar inleds med en konsultation d\u00e4r vi tillsammans g\u00e5r igenom dina f\u00f6ruts\u00e4ttningar och \u00f6nskem\u00e5l om f\u00e4rg och form. Ta g\u00e4rna med dig en bild p\u00e5 hur du vill resultatet ska se ut. Det blir l\u00e4ttare f\u00f6r mig att se vad du exakt vill ha, men \u00e4ven f\u00f6r att du f\u00e5r en bild p\u00e5 hur det kommer att se ut. Sedan kommer jag med hj\u00e4lp av min erfarenhet och kunskap inom ansiktssymetri ber\u00e4tta f\u00f6r dig om dina f\u00f6rv\u00e4ntningar \u00e4r realistiska samt om det \u00f6nskade resultatet kommer passa just ditt ansikte. F\u00f6rst n\u00e4r du f\u00e5tt korrekt information samt vi b\u00e5da \u00e4r \u00f6verens om resultatet och du k\u00e4nner dig trygg i ditt val kommer behandlingen att p\u00e5b\u00f6rjas. Behandlingen b\u00f6rjar med en enkel allergi test om du \u00e4r os\u00e4ker p\u00e5 en eventuell allergisk reaktion. Pigmenteringen utf\u00f6rs d\u00e4refter och man f\u00e5r d\u00e5 den formen man kommit \u00f6verens om med mig.<\/p>\n<p>Ca 50% av f\u00e4rgen f\u00f6rsvinner under l\u00e4kningen. Man kan inte se det f\u00e4rdiga resultatet av en pigmentering omedelbart efter ingreppet eftersom man kan vara lite svullen, r\u00f6dflammig. Det tar mellan 4-7 dagar innan en permanent make-up behandling har l\u00e4kt. Under den tiden bildas f\u00e4rgskorpor som ska ramla av sig sj\u00e4lv. OBS!!! Du f\u00e5r inte pilla bort dem sj\u00e4lv! F\u00f6rst efter 3 veckor ser man det f\u00e4rdiga resultatet. L\u00e4kningsprocessen kan g\u00f6ra att f\u00e4rgen f\u00e4ster mer eller mindre p\u00e5 vissa st\u00e4llen i huden och det inneb\u00e4r alltid minst ett eller i enstaka fall tv\u00e5 \u00e5terbes\u00f6k f\u00f6r att korrigera f\u00e4rgen och formen.<\/p>\n<p>Hur l\u00e4nge tatueringen h\u00e5ller \u00e4r olika, beroende p\u00e5 typ av hud, den behandlades \u00e5lder samt hur bra man f\u00f6ljer instruktioner f\u00f6r efterv\u00e5rd.<\/p>\n<p>\u00c5terbes\u00f6k ing\u00e5r i priset och m\u00e5ste bokas av kunden senast 4 veckor efter den f\u00f6rsta behandlingen. I annat fall debiteras du halva priset f\u00f6r en p\u00e5fyllning.<\/p>\n<p>Kom ih\u00e5g: de sju f\u00f6rsta dagarnas efterv\u00e5rd best\u00e4mmer hur din pigmentering ser ut under de kommande \u00e5ren!Tack vare v\u00e5ra partners kan du hitta slipsar online som passar alla preferenser och budgetar, fr\u00e5n budget till supersnygga modeller i toppklass.<\/p>\n<p><strong>Vissa faktorer som p\u00e5verkar l\u00e4kningsprocessen:<\/strong><\/p>\n<ul>\n<li>Inte f\u00f6lja f\u00f6reskrivna instruktioner<\/li>\n<li>Livsstil<\/li>\n<li>\u00c4mnesoms\u00e4ttning<\/li>\n<li>Ditt allm\u00e4nna h\u00e4lsotillst\u00e5nd<\/li>\n<li>Hudens \u00e5lder, elasticitet<\/li>\n<li>Hudens tillst\u00e5nd, t.ex.: oljig\/torr hud, hudens struktur och \u00e4rr<\/li>\n<li>Mediciner<\/li>\n<li>AnsiktsingreppSolexponering och solarier<\/li>\n<li>R\u00f6kning<\/li>\n<\/ul>\n<p><em><strong>Med andra ord, allt som p\u00e5verkar din kropps st\u00f6rsta organ, huden!<\/strong><\/em><\/p>\n<p><strong>De 10 fr\u00e4msta anledningar f\u00f6r permanent makeup \/ kosmetisk tatuering:<\/strong><\/p>\n<ol>\n<li>u f\u00e5r snygg resultat varje dag i flera \u00e5r utan att beh\u00f6va t\u00e4nka p\u00e5 att sminka dig.<\/li>\n<li>Du sparar tid och pengar. Statistiker har r\u00e4knat ut att man i genomsnitt sparar upp till ca 20 minuter per dag dvs hela 5 dagar per \u00e5r!!!<\/li>\n<li>Passar allergiker. I takt med att sminkbranschen \u00e4r i en uppg\u00e5ngsperiod rapporterar fler och fler allergier mot de vanliga make-up produkterna.<\/li>\n<li>Du slipper t\u00e4nka p\u00e5 och kolla om din smink har runnit. Passar speciellt dig med rinniga och l\u00e4ttiriterade \u00f6gon.<\/li>\n<li>Om du idrottar mycket och vill se bra ut hela tiden eller om du r\u00f6r dig mycket i naturen.<\/li>\n<li>Om du pga sjukdom har nedsatt r\u00f6relsef\u00f6rm\u00e5ga (se specialrabatten under erbjudande) eller darrig hand.<\/li>\n<li>Om du lider av vissa sjukdomar d\u00e4r h\u00e5ravfall f\u00f6rekommer.<\/li>\n<li>Mikropigmentering kan ta fram det positiva ( l\u00e4gga ditt en sk\u00f6nhetsfl\u00e4ck) och maskera det negativa. (R\u00e4tta t.ex. till en sned l\u00e4pp).<\/li>\n<li>Det ser naturligt ut. Med en r\u00e4tt placerad lippliner kan man f\u00e5 l\u00e4ppf\u00f6rstoringseffekt utan komlicerade och dyra ingrepp.<\/li>\n<li>Man kan d\u00f6lja \u00e4rr efter t.ex.operationer.<\/li>\n<\/ol>\n","protected":false},"excerpt":{"rendered":"<p>Vad \u00e4r permanent make up? Permanent makeup \/ kosmetisk tatuering \u00e4r ett implantat med sterila f\u00e4rger. Vid tatuering inf\u00f6rs pigment i huden med hj\u00e4lp av n\u00e5l. Eftersom det yttersta hudlagret, epidermis, underg\u00e5r st\u00e4ndiga f\u00f6r\u00e4ndringar i form av d\u00f6da hudceller som ers\u00e4tts av nya, s\u00e5 tatueras det sterila f\u00e4rgpigmentet b\u00e5de p\u00e5 det lagret men ocks\u00e5 p\u00e5 &hellip; <\/p>\n<p class=\"link-more\"><a href=\"https:\/\/natalliasklinik.se\/index.php\/permanent-makeup-kosmetisk-tatuering\/\" class=\"more-link\">Forts\u00e4tt l\u00e4sa<span class=\"screen-reader-text\"> &#8221;Permanent Makeup \/ Kosmetisk tatuering&#8221;<\/span><\/a><\/p>\n","protected":false},"author":2,"featured_media":0,"parent":0,"menu_order":0,"comment_status":"closed","ping_status":"closed","template":"","meta":{"ngg_post_thumbnail":0,"footnotes":""},"class_list":["post-468","page","type-page","status-publish","hentry"],"_links":{"self":[{"href":"https:\/\/natalliasklinik.se\/index.php\/wp-json\/wp\/v2\/pages\/468","targetHints":{"allow":["GET"]}}],"collection":[{"href":"https:\/\/natalliasklinik.se\/index.php\/wp-json\/wp\/v2\/pages"}],"about":[{"href":"https:\/\/natalliasklinik.se\/index.php\/wp-json\/wp\/v2\/types\/page"}],"author":[{"embeddable":true,"href":"https:\/\/natalliasklinik.se\/index.php\/wp-json\/wp\/v2\/users\/2"}],"replies":[{"embeddable":true,"href":"https:\/\/natalliasklinik.se\/index.php\/wp-json\/wp\/v2\/comments?post=468"}],"version-history":[{"count":3,"href":"https:\/\/natalliasklinik.se\/index.php\/wp-json\/wp\/v2\/pages\/468\/revisions"}],"predecessor-version":[{"id":13146,"href":"https:\/\/natalliasklinik.se\/index.php\/wp-json\/wp\/v2\/pages\/468\/revisions\/13146"}],"wp:attachment":[{"href":"https:\/\/natalliasklinik.se\/index.php\/wp-json\/wp\/v2\/media?parent=468"}],"curies":[{"name":"wp","href":"https:\/\/api.w.org\/{rel}","templated":true}]}}