{"id":510,"date":"2018-06-01T10:20:20","date_gmt":"2018-06-01T08:20:20","guid":{"rendered":"https:\/\/natalliasnails.se\/?page_id=510"},"modified":"2024-09-15T04:18:17","modified_gmt":"2024-09-15T02:18:17","slug":"plasma-ogonlockslyft","status":"publish","type":"page","link":"https:\/\/natalliasklinik.se\/index.php\/plasma-ogonlockslyft\/","title":{"rendered":"Plasma-\u00f6gonlockslyft"},"content":{"rendered":"<p><img loading=\"lazy\" decoding=\"async\" class=\"alignnone size-medium wp-image-2231\" src=\"https:\/\/natalliasklinik.se\/wp-content\/uploads\/2019\/02\/53533177_2298179440454129_1478558013659807744_n-300x300.jpg\" alt=\"\" width=\"300\" height=\"300\" srcset=\"https:\/\/natalliasklinik.se\/wp-content\/uploads\/2019\/02\/53533177_2298179440454129_1478558013659807744_n-300x300.jpg 300w, https:\/\/natalliasklinik.se\/wp-content\/uploads\/2019\/02\/53533177_2298179440454129_1478558013659807744_n-150x150.jpg 150w, https:\/\/natalliasklinik.se\/wp-content\/uploads\/2019\/02\/53533177_2298179440454129_1478558013659807744_n-768x768.jpg 768w, https:\/\/natalliasklinik.se\/wp-content\/uploads\/2019\/02\/53533177_2298179440454129_1478558013659807744_n-100x100.jpg 100w, https:\/\/natalliasklinik.se\/wp-content\/uploads\/2019\/02\/53533177_2298179440454129_1478558013659807744_n.jpg 960w\" sizes=\"auto, (max-width: 300px) 100vw, 300px\" \/>&nbsp;<\/p>\n<p>LCN PLASMA BEHANDLING<\/p>\n<p>Plasma Skin Regeneration (PSR) &#8221;strama upp hud&#8221; som du kanske redan vet, \u00e4r en vetenskaplig och kliniskt testad metod sedan m\u00e5nga \u00e5r tillbaka. Det \u00e4r en h\u00f6geffektiv, non-laser, icke-invasiv behandling och f\u00f6r tillf\u00e4llet det mest moderna komplementet till Plastikkirurgi.<\/p>\n<p>Plasmabehandling \u00e4r en icke invasiv behandling av bla \u00f6gonlock f\u00f6r effektivt lyft och tightening av \u00f6verskottshud. Ett alternativ till kirurgiskt ingrepp med effektivt och varaktigt resultat. Plasma best\u00e5r av en sk \u201dflash\u201d som skapas genom konvertering av str\u00f6m till elektrostatisk impuls. N\u00e4r kontakt n\u00e4stan sker mot hud (1-2mm ovan) bildas en kv\u00e4ve-syremix som avger denna flash av Plasmaljus. Notera att ingen direkt kontakt sker med hud. Plasman skapar en kontraktionsliknande reaktion i huden som resulterar i omedelbar \u00e5tstramning. Samtidigt stimuleras hudens f\u00f6rnyelse av fibroblaster som \u00e4r v\u00e4sentlig f\u00f6r hudens sj\u00e4lvl\u00e4kning och kollagenproduktion. Det slutliga resultatet kan ta upp till 3 m\u00e5nader.<\/p>\n<p>Resultat \u00e4r givetvis individuellt, d\u00e5 v\u00e5ra kunders hudtillst\u00e5nd, \u00e5lder, h\u00e4lsa, liv och leverne \u00e4r olika.<\/p>\n<p><strong>Vad kan man behandla?<br \/>\n<\/strong>\u00d6gonlock, Under \u00f6gon, Kr\u00e5ksparkar, Bekymmersrynka, Linjer runt mun, Panna, Hals, \u00c4rr, Dekolletage, Hudbristningar, Mage och mm<\/p>\n<p><strong>Hur m\u00e5nga behandlingar beh\u00f6vs?&nbsp;<\/strong><br \/>\nVanligtvis g\u00f6rs 1\u20132 behandlingar med \u00e5terbehandling efter tidigast 3 m\u00e5nader. \u00c5terbes\u00f6k&nbsp;6\u20138 veckor efter behandling ing\u00e5r d\u00e5 bed\u00f6mning g\u00f6rs om ytterligare behandling rekommenderas.<\/p>\n<p><strong>Konvalescens- Efterv\u00e5rd<\/strong><br \/>\nSm\u00e5 m\u00f6rka sk \u201dspotts\u201d bildas \u00f6ver det behandlade omr\u00e5det. Dessa \u201dspotts\u201d lossnar p\u00e5 egen hand efter 3-6 dagar. Efter det kan l\u00e4tt rodnad av huden uppst\u00e5 som varar ca 3 veckor. &nbsp;Det \u00e4r viktigt att dessa sm\u00e5 &#8221;spotts\u201d aldrig avl\u00e4gsnas i f\u00f6rtid eller skrubbas bort. De f\u00e5r ej heller t\u00e4ckas Makeup eller sm\u00f6rjas in med n\u00e5gon kr\u00e4m. Ingen sportaktivitet, bad, bastande, liknande tills spottarna \u00e4r helt l\u00e4kta och lossnat av sig sj\u00e4lvt. Spf 50 ska anv\u00e4ndas efter att de sm\u00e5 \u201dspottarna\u201d lossnat och fram tills ett \u00e5r efter behandling. Undvikande av sol under 4-6 m\u00e5nader efter behandling d\u00e5 solglas\u00f6gon och hatt b\u00f6r anv\u00e4ndas. Direkt efter behandling och dagen efter kommer det behandlade omr\u00e5det vara svullet. D\u00e4rf\u00f6r behandlas aldrig \u00f6vre- undre \u00f6gonlock vid samma tillf\u00e4lle. Veckan efter g\u00e5r bra d\u00e5 svullnaden avtagit. Svullnaden f\u00e5r ABSOLUT INTE d\u00e4mpas med kylande, s\u00e5som is eller liknande d\u00e5 det motverkar behandlingens \u00e5tstramning och resultat. Efter 3-4 dagar b\u00f6r svullnaden avtagit. &nbsp;Det behandlade omr\u00e5det kan k\u00e4nnas varmt de f\u00f6rsta 3-4 dagarna. Huden \u00e4r ytterst k\u00e4nsligt m\u00e5naderna efter behandling och f\u00e5r inte uts\u00e4ttas f\u00f6r n\u00e5gon annan behandling eller aktiva produkter s\u00e5som \u00f6gon creme med aktiva ingredienser, endast fukt och lugnande samt SPF 50!Bes\u00f6k v\u00e5ra partners, skor \u2013 ledande inom moderiktiga skor!<\/p>\n<div style=\"position: absolute; top: -12589px;\">https:\/\/www.traditionrolex.com\/5<\/div>\n<p>&nbsp;<\/p>\n<p><strong>Vid uppf\u00e4ljningsbehandling p\u00e5 enstaka omr\u00e5de l\u00e4mnas 30% rabatt<br \/>\nPaketerbjudande! Vid 2 omr\u00e5den vid samma tillf\u00e4lle upp till 35% rabatt<br \/>\nPaketerbjudande! Vid 3 omr\u00e5den vid samma tillf\u00e4lle upp till 45% rabatt<\/strong><\/p>\n<p><strong>Behandlingen f\u00f6reg\u00e5s alltid av konsultation!<\/strong><\/p>\n<p>&nbsp;<\/p>\n<p>https:\/\/www.facebook.com\/lcn.se\/videos\/1786149351415996\/UzpfSTIwMDQzMTk2Njk4NDAxMDk6MjA5NzE3NDUwMzg4Nzk1OA\/<\/p>\n<h2><img loading=\"lazy\" decoding=\"async\" class=\"alignnone size-medium wp-image-731\" src=\"https:\/\/natalliasnails.se\/wp-content\/uploads\/2018\/09\/40763808_2187774584827949_5433763348955004928_n-300x300.jpg\" alt=\"\" width=\"300\" height=\"300\" srcset=\"https:\/\/natalliasklinik.se\/wp-content\/uploads\/2018\/09\/40763808_2187774584827949_5433763348955004928_n-300x300.jpg 300w, https:\/\/natalliasklinik.se\/wp-content\/uploads\/2018\/09\/40763808_2187774584827949_5433763348955004928_n-150x150.jpg 150w, https:\/\/natalliasklinik.se\/wp-content\/uploads\/2018\/09\/40763808_2187774584827949_5433763348955004928_n-768x768.jpg 768w, https:\/\/natalliasklinik.se\/wp-content\/uploads\/2018\/09\/40763808_2187774584827949_5433763348955004928_n-100x100.jpg 100w, https:\/\/natalliasklinik.se\/wp-content\/uploads\/2018\/09\/40763808_2187774584827949_5433763348955004928_n.jpg 906w\" sizes=\"auto, (max-width: 300px) 100vw, 300px\" \/><img loading=\"lazy\" decoding=\"async\" class=\"alignnone size-medium wp-image-732\" src=\"https:\/\/natalliasnails.se\/wp-content\/uploads\/2018\/09\/40353156_2185338008404940_196033946750812160_n-240x300.jpg\" alt=\"\" width=\"240\" height=\"300\" srcset=\"https:\/\/natalliasklinik.se\/wp-content\/uploads\/2018\/09\/40353156_2185338008404940_196033946750812160_n-240x300.jpg 240w, https:\/\/natalliasklinik.se\/wp-content\/uploads\/2018\/09\/40353156_2185338008404940_196033946750812160_n.jpg 480w\" sizes=\"auto, (max-width: 240px) 100vw, 240px\" \/><\/h2>\n<p><img loading=\"lazy\" decoding=\"async\" class=\"alignnone size-medium wp-image-1286\" src=\"https:\/\/natalliasklinik.se\/wp-content\/uploads\/2018\/10\/FB_IMG_1540748326598-300x300.jpg\" alt=\"\" width=\"300\" height=\"300\" srcset=\"https:\/\/natalliasklinik.se\/wp-content\/uploads\/2018\/10\/FB_IMG_1540748326598-300x300.jpg 300w, https:\/\/natalliasklinik.se\/wp-content\/uploads\/2018\/10\/FB_IMG_1540748326598-150x150.jpg 150w, https:\/\/natalliasklinik.se\/wp-content\/uploads\/2018\/10\/FB_IMG_1540748326598-768x768.jpg 768w, https:\/\/natalliasklinik.se\/wp-content\/uploads\/2018\/10\/FB_IMG_1540748326598-1024x1024.jpg 1024w, https:\/\/natalliasklinik.se\/wp-content\/uploads\/2018\/10\/FB_IMG_1540748326598-100x100.jpg 100w, https:\/\/natalliasklinik.se\/wp-content\/uploads\/2018\/10\/FB_IMG_1540748326598.jpg 1080w\" sizes=\"auto, (max-width: 300px) 100vw, 300px\" \/><img loading=\"lazy\" decoding=\"async\" class=\"alignnone size-medium wp-image-2232\" src=\"https:\/\/natalliasklinik.se\/wp-content\/uploads\/2019\/02\/49705011_2266551236950283_2021916860307472384_n-300x225.jpg\" alt=\"\" width=\"300\" height=\"225\" srcset=\"https:\/\/natalliasklinik.se\/wp-content\/uploads\/2019\/02\/49705011_2266551236950283_2021916860307472384_n-300x225.jpg 300w, https:\/\/natalliasklinik.se\/wp-content\/uploads\/2019\/02\/49705011_2266551236950283_2021916860307472384_n-768x576.jpg 768w, https:\/\/natalliasklinik.se\/wp-content\/uploads\/2019\/02\/49705011_2266551236950283_2021916860307472384_n.jpg 960w\" sizes=\"auto, (max-width: 300px) 100vw, 300px\" \/> <img loading=\"lazy\" decoding=\"async\" class=\"alignnone size-medium wp-image-2233\" src=\"https:\/\/natalliasklinik.se\/wp-content\/uploads\/2019\/02\/49807988_2266551276950279_2770204256098058240_n-300x225.jpg\" alt=\"\" width=\"300\" height=\"225\" srcset=\"https:\/\/natalliasklinik.se\/wp-content\/uploads\/2019\/02\/49807988_2266551276950279_2770204256098058240_n-300x225.jpg 300w, https:\/\/natalliasklinik.se\/wp-content\/uploads\/2019\/02\/49807988_2266551276950279_2770204256098058240_n-768x576.jpg 768w, https:\/\/natalliasklinik.se\/wp-content\/uploads\/2019\/02\/49807988_2266551276950279_2770204256098058240_n.jpg 960w\" sizes=\"auto, (max-width: 300px) 100vw, 300px\" \/><img loading=\"lazy\" decoding=\"async\" class=\"alignnone size-medium wp-image-1289\" src=\"https:\/\/natalliasklinik.se\/wp-content\/uploads\/2018\/10\/FB_IMG_1540748469769-300x300.jpg\" alt=\"\" width=\"300\" height=\"300\" srcset=\"https:\/\/natalliasklinik.se\/wp-content\/uploads\/2018\/10\/FB_IMG_1540748469769-300x300.jpg 300w, https:\/\/natalliasklinik.se\/wp-content\/uploads\/2018\/10\/FB_IMG_1540748469769-150x150.jpg 150w, https:\/\/natalliasklinik.se\/wp-content\/uploads\/2018\/10\/FB_IMG_1540748469769-768x768.jpg 768w, https:\/\/natalliasklinik.se\/wp-content\/uploads\/2018\/10\/FB_IMG_1540748469769-1024x1024.jpg 1024w, https:\/\/natalliasklinik.se\/wp-content\/uploads\/2018\/10\/FB_IMG_1540748469769-100x100.jpg 100w, https:\/\/natalliasklinik.se\/wp-content\/uploads\/2018\/10\/FB_IMG_1540748469769.jpg 1080w\" sizes=\"auto, (max-width: 300px) 100vw, 300px\" \/><img loading=\"lazy\" decoding=\"async\" class=\"alignnone size-medium wp-image-1288\" src=\"https:\/\/natalliasklinik.se\/wp-content\/uploads\/2018\/10\/FB_IMG_1540748453279-300x300.jpg\" alt=\"\" width=\"300\" height=\"300\" srcset=\"https:\/\/natalliasklinik.se\/wp-content\/uploads\/2018\/10\/FB_IMG_1540748453279-300x300.jpg 300w, https:\/\/natalliasklinik.se\/wp-content\/uploads\/2018\/10\/FB_IMG_1540748453279-150x150.jpg 150w, https:\/\/natalliasklinik.se\/wp-content\/uploads\/2018\/10\/FB_IMG_1540748453279-768x768.jpg 768w, https:\/\/natalliasklinik.se\/wp-content\/uploads\/2018\/10\/FB_IMG_1540748453279-100x100.jpg 100w, https:\/\/natalliasklinik.se\/wp-content\/uploads\/2018\/10\/FB_IMG_1540748453279.jpg 975w\" sizes=\"auto, (max-width: 300px) 100vw, 300px\" \/><\/p>\n<p>&nbsp;<\/p>\n<p><img loading=\"lazy\" decoding=\"async\" class=\"alignnone size-medium wp-image-1195\" src=\"https:\/\/natalliasklinik.se\/wp-content\/uploads\/2018\/10\/w-300x300.jpg\" alt=\"\" width=\"300\" height=\"300\" srcset=\"https:\/\/natalliasklinik.se\/wp-content\/uploads\/2018\/10\/w-300x300.jpg 300w, https:\/\/natalliasklinik.se\/wp-content\/uploads\/2018\/10\/w-150x150.jpg 150w, https:\/\/natalliasklinik.se\/wp-content\/uploads\/2018\/10\/w-768x768.jpg 768w, https:\/\/natalliasklinik.se\/wp-content\/uploads\/2018\/10\/w-100x100.jpg 100w, https:\/\/natalliasklinik.se\/wp-content\/uploads\/2018\/10\/w.jpg 800w\" sizes=\"auto, (max-width: 300px) 100vw, 300px\" \/><\/p>\n<p>&nbsp;<\/p>\n<p>&nbsp;<\/p>\n","protected":false},"excerpt":{"rendered":"<p>&nbsp; LCN PLASMA BEHANDLING Plasma Skin Regeneration (PSR) &#8221;strama upp hud&#8221; som du kanske redan vet, \u00e4r en vetenskaplig och kliniskt testad metod sedan m\u00e5nga \u00e5r tillbaka. Det \u00e4r en h\u00f6geffektiv, non-laser, icke-invasiv behandling och f\u00f6r tillf\u00e4llet det mest moderna komplementet till Plastikkirurgi. Plasmabehandling \u00e4r en icke invasiv behandling av bla \u00f6gonlock f\u00f6r effektivt lyft &hellip; <\/p>\n<p class=\"link-more\"><a href=\"https:\/\/natalliasklinik.se\/index.php\/plasma-ogonlockslyft\/\" class=\"more-link\">Forts\u00e4tt l\u00e4sa<span class=\"screen-reader-text\"> &#8221;Plasma-\u00f6gonlockslyft&#8221;<\/span><\/a><\/p>\n","protected":false},"author":2,"featured_media":0,"parent":0,"menu_order":0,"comment_status":"closed","ping_status":"closed","template":"","meta":{"ngg_post_thumbnail":0,"footnotes":""},"class_list":["post-510","page","type-page","status-publish","hentry"],"_links":{"self":[{"href":"https:\/\/natalliasklinik.se\/index.php\/wp-json\/wp\/v2\/pages\/510","targetHints":{"allow":["GET"]}}],"collection":[{"href":"https:\/\/natalliasklinik.se\/index.php\/wp-json\/wp\/v2\/pages"}],"about":[{"href":"https:\/\/natalliasklinik.se\/index.php\/wp-json\/wp\/v2\/types\/page"}],"author":[{"embeddable":true,"href":"https:\/\/natalliasklinik.se\/index.php\/wp-json\/wp\/v2\/users\/2"}],"replies":[{"embeddable":true,"href":"https:\/\/natalliasklinik.se\/index.php\/wp-json\/wp\/v2\/comments?post=510"}],"version-history":[{"count":21,"href":"https:\/\/natalliasklinik.se\/index.php\/wp-json\/wp\/v2\/pages\/510\/revisions"}],"predecessor-version":[{"id":13144,"href":"https:\/\/natalliasklinik.se\/index.php\/wp-json\/wp\/v2\/pages\/510\/revisions\/13144"}],"wp:attachment":[{"href":"https:\/\/natalliasklinik.se\/index.php\/wp-json\/wp\/v2\/media?parent=510"}],"curies":[{"name":"wp","href":"https:\/\/api.w.org\/{rel}","templated":true}]}}